{"id":5908,"date":"2023-11-04T07:25:10","date_gmt":"2023-11-04T07:25:10","guid":{"rendered":"https:\/\/ripollettravel.com\/?post_type=product&#038;p=5908"},"modified":"2024-01-02T16:25:52","modified_gmt":"2024-01-02T16:25:52","slug":"realizar-pago","status":"publish","type":"product","link":"https:\/\/ripollettravel.com\/ca\/contratar-servicios\/realizar-pago\/","title":{"rendered":"Realizar Pago"},"content":{"rendered":"","protected":false},"excerpt":{"rendered":"<p>Indique el importe de la reserva. En el \u00faltimo paso podr\u00e1 incluir el n\u00famero de referencia de la misma<\/p>\n","protected":false},"featured_media":5190,"template":"","meta":[],"product_cat":[120],"product_tag":[],"yoast_head":"<!-- This site is optimized with the Yoast SEO plugin v21.3 - https:\/\/yoast.com\/wordpress\/plugins\/seo\/ -->\n<title>Realizar Pago - Ripollet Travel<\/title>\n<meta name=\"robots\" content=\"index, follow, max-snippet:-1, max-image-preview:large, max-video-preview:-1\" \/>\n<link rel=\"canonical\" href=\"https:\/\/ripollettravel.com\/contratar-servicios\/realizar-pago\/\" \/>\n<meta property=\"og:locale\" content=\"ca_ES\" \/>\n<meta property=\"og:type\" content=\"article\" \/>\n<meta property=\"og:title\" content=\"Realizar Pago - Ripollet Travel\" \/>\n<meta property=\"og:description\" content=\"Indique el importe de la reserva. En el \u00faltimo paso podr\u00e1 incluir el n\u00famero de referencia de la misma\" \/>\n<meta property=\"og:url\" content=\"https:\/\/ripollettravel.com\/contratar-servicios\/realizar-pago\/\" \/>\n<meta property=\"og:site_name\" content=\"Ripollet Travel\" \/>\n<meta property=\"article:modified_time\" content=\"2024-01-02T16:25:52+00:00\" \/>\n<meta property=\"og:image\" content=\"https:\/\/ripollettravel.com\/wp-content\/uploads\/2023\/10\/img-3-caixes-home-1.jpg\" \/>\n\t<meta property=\"og:image:width\" content=\"1000\" \/>\n\t<meta property=\"og:image:height\" content=\"625\" \/>\n\t<meta property=\"og:image:type\" content=\"image\/jpeg\" \/>\n<meta name=\"twitter:card\" content=\"summary_large_image\" \/>\n<script type=\"application\/ld+json\" class=\"yoast-schema-graph\">{\"@context\":\"https:\/\/schema.org\",\"@graph\":[{\"@type\":\"WebPage\",\"@id\":\"https:\/\/ripollettravel.com\/contratar-servicios\/realizar-pago\/\",\"url\":\"https:\/\/ripollettravel.com\/contratar-servicios\/realizar-pago\/\",\"name\":\"Realizar Pago - Ripollet Travel\",\"isPartOf\":{\"@id\":\"https:\/\/ripollettravel.com\/#website\"},\"datePublished\":\"2023-11-04T07:25:10+00:00\",\"dateModified\":\"2024-01-02T16:25:52+00:00\",\"breadcrumb\":{\"@id\":\"https:\/\/ripollettravel.com\/contratar-servicios\/realizar-pago\/#breadcrumb\"},\"inLanguage\":\"ca\",\"potentialAction\":[{\"@type\":\"ReadAction\",\"target\":[\"https:\/\/ripollettravel.com\/contratar-servicios\/realizar-pago\/\"]}]},{\"@type\":\"BreadcrumbList\",\"@id\":\"https:\/\/ripollettravel.com\/contratar-servicios\/realizar-pago\/#breadcrumb\",\"itemListElement\":[{\"@type\":\"ListItem\",\"position\":1,\"name\":\"Home\",\"item\":\"https:\/\/ripollettravel.com\/ca\/\"},{\"@type\":\"ListItem\",\"position\":2,\"name\":\"Botiga\",\"item\":\"https:\/\/ripollettravel.com\/ca\/botiga\/\"},{\"@type\":\"ListItem\",\"position\":3,\"name\":\"Realizar Pago\"}]},{\"@type\":\"WebSite\",\"@id\":\"https:\/\/ripollettravel.com\/#website\",\"url\":\"https:\/\/ripollettravel.com\/\",\"name\":\"Ripollet Travel\",\"description\":\"Ripollet Travel\",\"publisher\":{\"@id\":\"https:\/\/ripollettravel.com\/#organization\"},\"potentialAction\":[{\"@type\":\"SearchAction\",\"target\":{\"@type\":\"EntryPoint\",\"urlTemplate\":\"https:\/\/ripollettravel.com\/?s={search_term_string}\"},\"query-input\":\"required name=search_term_string\"}],\"inLanguage\":\"ca\"},{\"@type\":\"Organization\",\"@id\":\"https:\/\/ripollettravel.com\/#organization\",\"name\":\"Ripollet Travel\",\"url\":\"https:\/\/ripollettravel.com\/\",\"logo\":{\"@type\":\"ImageObject\",\"inLanguage\":\"ca\",\"@id\":\"https:\/\/ripollettravel.com\/#\/schema\/logo\/image\/\",\"url\":\"https:\/\/ripollettravel.com\/wp-content\/uploads\/2023\/08\/logo-ripollet-travel.png\",\"contentUrl\":\"https:\/\/ripollettravel.com\/wp-content\/uploads\/2023\/08\/logo-ripollet-travel.png\",\"width\":2754,\"height\":264,\"caption\":\"Ripollet Travel\"},\"image\":{\"@id\":\"https:\/\/ripollettravel.com\/#\/schema\/logo\/image\/\"}}]}<\/script>\n<!-- \/ Yoast SEO plugin. -->","yoast_head_json":{"title":"Realizar Pago - Ripollet Travel","robots":{"index":"index","follow":"follow","max-snippet":"max-snippet:-1","max-image-preview":"max-image-preview:large","max-video-preview":"max-video-preview:-1"},"canonical":"https:\/\/ripollettravel.com\/contratar-servicios\/realizar-pago\/","og_locale":"ca_ES","og_type":"article","og_title":"Realizar Pago - Ripollet Travel","og_description":"Indique el importe de la reserva. En el \u00faltimo paso podr\u00e1 incluir el n\u00famero de referencia de la misma","og_url":"https:\/\/ripollettravel.com\/contratar-servicios\/realizar-pago\/","og_site_name":"Ripollet Travel","article_modified_time":"2024-01-02T16:25:52+00:00","og_image":[{"width":1000,"height":625,"url":"https:\/\/ripollettravel.com\/wp-content\/uploads\/2023\/10\/img-3-caixes-home-1.jpg","type":"image\/jpeg"}],"twitter_card":"summary_large_image","schema":{"@context":"https:\/\/schema.org","@graph":[{"@type":"WebPage","@id":"https:\/\/ripollettravel.com\/contratar-servicios\/realizar-pago\/","url":"https:\/\/ripollettravel.com\/contratar-servicios\/realizar-pago\/","name":"Realizar Pago - Ripollet Travel","isPartOf":{"@id":"https:\/\/ripollettravel.com\/#website"},"datePublished":"2023-11-04T07:25:10+00:00","dateModified":"2024-01-02T16:25:52+00:00","breadcrumb":{"@id":"https:\/\/ripollettravel.com\/contratar-servicios\/realizar-pago\/#breadcrumb"},"inLanguage":"ca","potentialAction":[{"@type":"ReadAction","target":["https:\/\/ripollettravel.com\/contratar-servicios\/realizar-pago\/"]}]},{"@type":"BreadcrumbList","@id":"https:\/\/ripollettravel.com\/contratar-servicios\/realizar-pago\/#breadcrumb","itemListElement":[{"@type":"ListItem","position":1,"name":"Home","item":"https:\/\/ripollettravel.com\/ca\/"},{"@type":"ListItem","position":2,"name":"Botiga","item":"https:\/\/ripollettravel.com\/ca\/botiga\/"},{"@type":"ListItem","position":3,"name":"Realizar Pago"}]},{"@type":"WebSite","@id":"https:\/\/ripollettravel.com\/#website","url":"https:\/\/ripollettravel.com\/","name":"Ripollet Travel","description":"Ripollet Travel","publisher":{"@id":"https:\/\/ripollettravel.com\/#organization"},"potentialAction":[{"@type":"SearchAction","target":{"@type":"EntryPoint","urlTemplate":"https:\/\/ripollettravel.com\/?s={search_term_string}"},"query-input":"required name=search_term_string"}],"inLanguage":"ca"},{"@type":"Organization","@id":"https:\/\/ripollettravel.com\/#organization","name":"Ripollet Travel","url":"https:\/\/ripollettravel.com\/","logo":{"@type":"ImageObject","inLanguage":"ca","@id":"https:\/\/ripollettravel.com\/#\/schema\/logo\/image\/","url":"https:\/\/ripollettravel.com\/wp-content\/uploads\/2023\/08\/logo-ripollet-travel.png","contentUrl":"https:\/\/ripollettravel.com\/wp-content\/uploads\/2023\/08\/logo-ripollet-travel.png","width":2754,"height":264,"caption":"Ripollet Travel"},"image":{"@id":"https:\/\/ripollettravel.com\/#\/schema\/logo\/image\/"}}]}},"_links":{"self":[{"href":"https:\/\/ripollettravel.com\/ca\/wp-json\/wp\/v2\/product\/5908"}],"collection":[{"href":"https:\/\/ripollettravel.com\/ca\/wp-json\/wp\/v2\/product"}],"about":[{"href":"https:\/\/ripollettravel.com\/ca\/wp-json\/wp\/v2\/types\/product"}],"wp:featuredmedia":[{"embeddable":true,"href":"https:\/\/ripollettravel.com\/ca\/wp-json\/wp\/v2\/media\/5190"}],"wp:attachment":[{"href":"https:\/\/ripollettravel.com\/ca\/wp-json\/wp\/v2\/media?parent=5908"}],"wp:term":[{"taxonomy":"product_cat","embeddable":true,"href":"https:\/\/ripollettravel.com\/ca\/wp-json\/wp\/v2\/product_cat?post=5908"},{"taxonomy":"product_tag","embeddable":true,"href":"https:\/\/ripollettravel.com\/ca\/wp-json\/wp\/v2\/product_tag?post=5908"}],"curies":[{"name":"wp","href":"https:\/\/api.w.org\/{rel}","templated":true}]}}