{"id":5829,"date":"2023-09-27T08:22:08","date_gmt":"2023-09-27T08:22:08","guid":{"rendered":"https:\/\/ripollettravel.com\/contratar-servicios\/traslados-para-eventos\/"},"modified":"2023-10-03T09:31:17","modified_gmt":"2023-10-03T09:31:17","slug":"trasllats-per-events","status":"publish","type":"product","link":"https:\/\/ripollettravel.com\/ca\/contratar-servicios\/trasllats-per-events\/","title":{"rendered":"Trasllats per a esdeveniments"},"content":{"rendered":"<p class=\"p1\">Oferim solucions integrals de transport per a tota mena d&#8217;esdeveniments. Sigui com sigui l&#8217;ocasi\u00f3, ja sigui un esdeveniment corporatiu, unes noces, una confer\u00e8ncia, una festa privada o qualsevol altre tipus de celebraci\u00f3, estem llestos per a assegurar que els seus trasllats siguin impecables i sense complicacions.<span class=\"Apple-converted-space\"> <\/span><\/p>\n","protected":false},"excerpt":{"rendered":"<p class=\"p1\">Oferim solucions integrals de transport per a tota mena d&#8217;esdeveniments. Sigui com sigui l&#8217;ocasi\u00f3, ja sigui un esdeveniment corporatiu, unes noces, una confer\u00e8ncia, una festa privada o qualsevol altre tipus de celebraci\u00f3, estem llestos per a assegurar que els seus trasllats siguin impecables i sense complicacions.<span class=\"Apple-converted-space\"> <\/span><\/p>\n","protected":false},"featured_media":5755,"template":"","meta":[],"product_cat":[116],"product_tag":[],"yoast_head":"<!-- This site is optimized with the Yoast SEO plugin v21.3 - https:\/\/yoast.com\/wordpress\/plugins\/seo\/ -->\n<title>Trasllats per a esdeveniments - Ripollet Travel<\/title>\n<meta name=\"robots\" content=\"index, follow, max-snippet:-1, max-image-preview:large, max-video-preview:-1\" \/>\n<link rel=\"canonical\" href=\"https:\/\/ripollettravel.com\/ca\/contratar-servicios\/traslados-para-eventos\/\" \/>\n<meta property=\"og:locale\" content=\"ca_ES\" \/>\n<meta property=\"og:type\" content=\"article\" \/>\n<meta property=\"og:title\" content=\"Trasllats per a esdeveniments - Ripollet Travel\" \/>\n<meta property=\"og:description\" content=\"Oferim solucions integrals de transport per a tota mena d&#039;esdeveniments. Sigui com sigui l&#039;ocasi\u00f3, ja sigui un esdeveniment corporatiu, unes noces, una confer\u00e8ncia, una festa privada o qualsevol altre tipus de celebraci\u00f3, estem llestos per a assegurar que els seus trasllats siguin impecables i sense complicacions.\" \/>\n<meta property=\"og:url\" content=\"https:\/\/ripollettravel.com\/ca\/contratar-servicios\/traslados-para-eventos\/\" \/>\n<meta property=\"og:site_name\" content=\"Ripollet Travel\" \/>\n<meta property=\"article:modified_time\" content=\"2023-10-03T09:31:17+00:00\" \/>\n<meta property=\"og:image\" content=\"https:\/\/ripollettravel.com\/wp-content\/uploads\/2023\/09\/servicios-img-eventos-e1696243127746.jpg\" \/>\n\t<meta property=\"og:image:width\" content=\"850\" \/>\n\t<meta property=\"og:image:height\" content=\"600\" \/>\n\t<meta property=\"og:image:type\" content=\"image\/jpeg\" \/>\n<meta name=\"twitter:card\" content=\"summary_large_image\" \/>\n<script type=\"application\/ld+json\" class=\"yoast-schema-graph\">{\"@context\":\"https:\/\/schema.org\",\"@graph\":[{\"@type\":\"WebPage\",\"@id\":\"https:\/\/ripollettravel.com\/ca\/contratar-servicios\/traslados-para-eventos\/\",\"url\":\"https:\/\/ripollettravel.com\/ca\/contratar-servicios\/traslados-para-eventos\/\",\"name\":\"Trasllats per a esdeveniments - Ripollet Travel\",\"isPartOf\":{\"@id\":\"https:\/\/ripollettravel.com\/#website\"},\"datePublished\":\"2023-09-27T08:22:08+00:00\",\"dateModified\":\"2023-10-03T09:31:17+00:00\",\"breadcrumb\":{\"@id\":\"https:\/\/ripollettravel.com\/ca\/contratar-servicios\/traslados-para-eventos\/#breadcrumb\"},\"inLanguage\":\"ca\",\"potentialAction\":[{\"@type\":\"ReadAction\",\"target\":[\"https:\/\/ripollettravel.com\/ca\/contratar-servicios\/traslados-para-eventos\/\"]}]},{\"@type\":\"BreadcrumbList\",\"@id\":\"https:\/\/ripollettravel.com\/ca\/contratar-servicios\/traslados-para-eventos\/#breadcrumb\",\"itemListElement\":[{\"@type\":\"ListItem\",\"position\":1,\"name\":\"Home\",\"item\":\"https:\/\/ripollettravel.com\/ca\/\"},{\"@type\":\"ListItem\",\"position\":2,\"name\":\"Botiga\",\"item\":\"https:\/\/ripollettravel.com\/ca\/botiga\/\"},{\"@type\":\"ListItem\",\"position\":3,\"name\":\"Trasllats per a esdeveniments\"}]},{\"@type\":\"WebSite\",\"@id\":\"https:\/\/ripollettravel.com\/#website\",\"url\":\"https:\/\/ripollettravel.com\/\",\"name\":\"Ripollet Travel\",\"description\":\"Ripollet Travel\",\"publisher\":{\"@id\":\"https:\/\/ripollettravel.com\/#organization\"},\"potentialAction\":[{\"@type\":\"SearchAction\",\"target\":{\"@type\":\"EntryPoint\",\"urlTemplate\":\"https:\/\/ripollettravel.com\/?s={search_term_string}\"},\"query-input\":\"required name=search_term_string\"}],\"inLanguage\":\"ca\"},{\"@type\":\"Organization\",\"@id\":\"https:\/\/ripollettravel.com\/#organization\",\"name\":\"Ripollet Travel\",\"url\":\"https:\/\/ripollettravel.com\/\",\"logo\":{\"@type\":\"ImageObject\",\"inLanguage\":\"ca\",\"@id\":\"https:\/\/ripollettravel.com\/#\/schema\/logo\/image\/\",\"url\":\"https:\/\/ripollettravel.com\/wp-content\/uploads\/2023\/08\/logo-ripollet-travel.png\",\"contentUrl\":\"https:\/\/ripollettravel.com\/wp-content\/uploads\/2023\/08\/logo-ripollet-travel.png\",\"width\":2754,\"height\":264,\"caption\":\"Ripollet Travel\"},\"image\":{\"@id\":\"https:\/\/ripollettravel.com\/#\/schema\/logo\/image\/\"}}]}<\/script>\n<!-- \/ Yoast SEO plugin. -->","yoast_head_json":{"title":"Trasllats per a esdeveniments - Ripollet Travel","robots":{"index":"index","follow":"follow","max-snippet":"max-snippet:-1","max-image-preview":"max-image-preview:large","max-video-preview":"max-video-preview:-1"},"canonical":"https:\/\/ripollettravel.com\/ca\/contratar-servicios\/traslados-para-eventos\/","og_locale":"ca_ES","og_type":"article","og_title":"Trasllats per a esdeveniments - Ripollet Travel","og_description":"Oferim solucions integrals de transport per a tota mena d'esdeveniments. Sigui com sigui l'ocasi\u00f3, ja sigui un esdeveniment corporatiu, unes noces, una confer\u00e8ncia, una festa privada o qualsevol altre tipus de celebraci\u00f3, estem llestos per a assegurar que els seus trasllats siguin impecables i sense complicacions.","og_url":"https:\/\/ripollettravel.com\/ca\/contratar-servicios\/traslados-para-eventos\/","og_site_name":"Ripollet Travel","article_modified_time":"2023-10-03T09:31:17+00:00","og_image":[{"width":850,"height":600,"url":"https:\/\/ripollettravel.com\/wp-content\/uploads\/2023\/09\/servicios-img-eventos-e1696243127746.jpg","type":"image\/jpeg"}],"twitter_card":"summary_large_image","schema":{"@context":"https:\/\/schema.org","@graph":[{"@type":"WebPage","@id":"https:\/\/ripollettravel.com\/ca\/contratar-servicios\/traslados-para-eventos\/","url":"https:\/\/ripollettravel.com\/ca\/contratar-servicios\/traslados-para-eventos\/","name":"Trasllats per a esdeveniments - Ripollet Travel","isPartOf":{"@id":"https:\/\/ripollettravel.com\/#website"},"datePublished":"2023-09-27T08:22:08+00:00","dateModified":"2023-10-03T09:31:17+00:00","breadcrumb":{"@id":"https:\/\/ripollettravel.com\/ca\/contratar-servicios\/traslados-para-eventos\/#breadcrumb"},"inLanguage":"ca","potentialAction":[{"@type":"ReadAction","target":["https:\/\/ripollettravel.com\/ca\/contratar-servicios\/traslados-para-eventos\/"]}]},{"@type":"BreadcrumbList","@id":"https:\/\/ripollettravel.com\/ca\/contratar-servicios\/traslados-para-eventos\/#breadcrumb","itemListElement":[{"@type":"ListItem","position":1,"name":"Home","item":"https:\/\/ripollettravel.com\/ca\/"},{"@type":"ListItem","position":2,"name":"Botiga","item":"https:\/\/ripollettravel.com\/ca\/botiga\/"},{"@type":"ListItem","position":3,"name":"Trasllats per a esdeveniments"}]},{"@type":"WebSite","@id":"https:\/\/ripollettravel.com\/#website","url":"https:\/\/ripollettravel.com\/","name":"Ripollet Travel","description":"Ripollet Travel","publisher":{"@id":"https:\/\/ripollettravel.com\/#organization"},"potentialAction":[{"@type":"SearchAction","target":{"@type":"EntryPoint","urlTemplate":"https:\/\/ripollettravel.com\/?s={search_term_string}"},"query-input":"required name=search_term_string"}],"inLanguage":"ca"},{"@type":"Organization","@id":"https:\/\/ripollettravel.com\/#organization","name":"Ripollet Travel","url":"https:\/\/ripollettravel.com\/","logo":{"@type":"ImageObject","inLanguage":"ca","@id":"https:\/\/ripollettravel.com\/#\/schema\/logo\/image\/","url":"https:\/\/ripollettravel.com\/wp-content\/uploads\/2023\/08\/logo-ripollet-travel.png","contentUrl":"https:\/\/ripollettravel.com\/wp-content\/uploads\/2023\/08\/logo-ripollet-travel.png","width":2754,"height":264,"caption":"Ripollet Travel"},"image":{"@id":"https:\/\/ripollettravel.com\/#\/schema\/logo\/image\/"}}]}},"_links":{"self":[{"href":"https:\/\/ripollettravel.com\/ca\/wp-json\/wp\/v2\/product\/5829"}],"collection":[{"href":"https:\/\/ripollettravel.com\/ca\/wp-json\/wp\/v2\/product"}],"about":[{"href":"https:\/\/ripollettravel.com\/ca\/wp-json\/wp\/v2\/types\/product"}],"wp:featuredmedia":[{"embeddable":true,"href":"https:\/\/ripollettravel.com\/ca\/wp-json\/wp\/v2\/media\/5755"}],"wp:attachment":[{"href":"https:\/\/ripollettravel.com\/ca\/wp-json\/wp\/v2\/media?parent=5829"}],"wp:term":[{"taxonomy":"product_cat","embeddable":true,"href":"https:\/\/ripollettravel.com\/ca\/wp-json\/wp\/v2\/product_cat?post=5829"},{"taxonomy":"product_tag","embeddable":true,"href":"https:\/\/ripollettravel.com\/ca\/wp-json\/wp\/v2\/product_tag?post=5829"}],"curies":[{"name":"wp","href":"https:\/\/api.w.org\/{rel}","templated":true}]}}