{"id":5828,"date":"2013-11-18T23:14:45","date_gmt":"2013-11-18T23:14:45","guid":{"rendered":"https:\/\/ripollettravel.com\/contratar-servicios\/transporte-escolar\/"},"modified":"2023-10-03T09:39:06","modified_gmt":"2023-10-03T09:39:06","slug":"transporte-escolar","status":"publish","type":"product","link":"https:\/\/ripollettravel.com\/ca\/contratar-servicios\/transporte-escolar\/","title":{"rendered":"Transport escolar"},"content":{"rendered":"<p class=\"p1\">Confi\u00ef en el nostre servei de transport escolar per a brindar-los als seus fills una experi\u00e8ncia segura, c\u00f2moda i puntual. Som aqu\u00ed per a fer que el viatge escolar sigui una experi\u00e8ncia plaent i sense preocupacions per a vost\u00e8 i la seva fam\u00edlia. Contacti&#8217;ns avui mateix i permeti&#8217;ns cuidar del transport dels seus petits sers estimats!<span class=\"Apple-converted-space\"> <\/span><\/p>\n","protected":false},"excerpt":{"rendered":"<p>Confi\u00ef en el nostre servei de transport escolar per a brindar-los als seus fills una experi\u00e8ncia segura, c\u00f2moda i puntual. Som aqu\u00ed per a fer que el viatge escolar sigui una experi\u00e8ncia plaent i sense preocupacions per a vost\u00e8 i la seva fam\u00edlia. Contacti&#8217;ns avui mateix i permeti&#8217;ns cuidar del transport dels seus petits sers estimats!<\/p>\n","protected":false},"featured_media":5751,"template":"","meta":[],"product_cat":[115],"product_tag":[],"yoast_head":"<!-- This site is optimized with the Yoast SEO plugin v21.3 - https:\/\/yoast.com\/wordpress\/plugins\/seo\/ -->\n<title>Transport escolar - Ripollet Travel<\/title>\n<meta name=\"robots\" content=\"index, follow, max-snippet:-1, max-image-preview:large, max-video-preview:-1\" \/>\n<link rel=\"canonical\" href=\"https:\/\/ripollettravel.com\/ca\/contratar-servicios\/transporte-escolar\/\" \/>\n<meta property=\"og:locale\" content=\"ca_ES\" \/>\n<meta property=\"og:type\" content=\"article\" \/>\n<meta property=\"og:title\" content=\"Transport escolar - Ripollet Travel\" \/>\n<meta property=\"og:description\" content=\"Confi\u00ef en el nostre servei de transport escolar per a brindar-los als seus fills una experi\u00e8ncia segura, c\u00f2moda i puntual. Som aqu\u00ed per a fer que el viatge escolar sigui una experi\u00e8ncia plaent i sense preocupacions per a vost\u00e8 i la seva fam\u00edlia. Contacti&#039;ns avui mateix i permeti&#039;ns cuidar del transport dels seus petits sers estimats!\" \/>\n<meta property=\"og:url\" content=\"https:\/\/ripollettravel.com\/ca\/contratar-servicios\/transporte-escolar\/\" \/>\n<meta property=\"og:site_name\" content=\"Ripollet Travel\" \/>\n<meta property=\"article:modified_time\" content=\"2023-10-03T09:39:06+00:00\" \/>\n<meta property=\"og:image\" content=\"https:\/\/ripollettravel.com\/wp-content\/uploads\/2023\/09\/servicios-img-transporte-escolar.jpg\" \/>\n\t<meta property=\"og:image:width\" content=\"1000\" \/>\n\t<meta property=\"og:image:height\" content=\"700\" \/>\n\t<meta property=\"og:image:type\" content=\"image\/jpeg\" \/>\n<meta name=\"twitter:card\" content=\"summary_large_image\" \/>\n<script type=\"application\/ld+json\" class=\"yoast-schema-graph\">{\"@context\":\"https:\/\/schema.org\",\"@graph\":[{\"@type\":\"WebPage\",\"@id\":\"https:\/\/ripollettravel.com\/ca\/contratar-servicios\/transporte-escolar\/\",\"url\":\"https:\/\/ripollettravel.com\/ca\/contratar-servicios\/transporte-escolar\/\",\"name\":\"Transport escolar - Ripollet Travel\",\"isPartOf\":{\"@id\":\"https:\/\/ripollettravel.com\/#website\"},\"datePublished\":\"2013-11-18T23:14:45+00:00\",\"dateModified\":\"2023-10-03T09:39:06+00:00\",\"breadcrumb\":{\"@id\":\"https:\/\/ripollettravel.com\/ca\/contratar-servicios\/transporte-escolar\/#breadcrumb\"},\"inLanguage\":\"ca\",\"potentialAction\":[{\"@type\":\"ReadAction\",\"target\":[\"https:\/\/ripollettravel.com\/ca\/contratar-servicios\/transporte-escolar\/\"]}]},{\"@type\":\"BreadcrumbList\",\"@id\":\"https:\/\/ripollettravel.com\/ca\/contratar-servicios\/transporte-escolar\/#breadcrumb\",\"itemListElement\":[{\"@type\":\"ListItem\",\"position\":1,\"name\":\"Home\",\"item\":\"https:\/\/ripollettravel.com\/ca\/\"},{\"@type\":\"ListItem\",\"position\":2,\"name\":\"Botiga\",\"item\":\"https:\/\/ripollettravel.com\/ca\/botiga\/\"},{\"@type\":\"ListItem\",\"position\":3,\"name\":\"Transport escolar\"}]},{\"@type\":\"WebSite\",\"@id\":\"https:\/\/ripollettravel.com\/#website\",\"url\":\"https:\/\/ripollettravel.com\/\",\"name\":\"Ripollet Travel\",\"description\":\"Ripollet Travel\",\"publisher\":{\"@id\":\"https:\/\/ripollettravel.com\/#organization\"},\"potentialAction\":[{\"@type\":\"SearchAction\",\"target\":{\"@type\":\"EntryPoint\",\"urlTemplate\":\"https:\/\/ripollettravel.com\/?s={search_term_string}\"},\"query-input\":\"required name=search_term_string\"}],\"inLanguage\":\"ca\"},{\"@type\":\"Organization\",\"@id\":\"https:\/\/ripollettravel.com\/#organization\",\"name\":\"Ripollet Travel\",\"url\":\"https:\/\/ripollettravel.com\/\",\"logo\":{\"@type\":\"ImageObject\",\"inLanguage\":\"ca\",\"@id\":\"https:\/\/ripollettravel.com\/#\/schema\/logo\/image\/\",\"url\":\"https:\/\/ripollettravel.com\/wp-content\/uploads\/2023\/08\/logo-ripollet-travel.png\",\"contentUrl\":\"https:\/\/ripollettravel.com\/wp-content\/uploads\/2023\/08\/logo-ripollet-travel.png\",\"width\":2754,\"height\":264,\"caption\":\"Ripollet Travel\"},\"image\":{\"@id\":\"https:\/\/ripollettravel.com\/#\/schema\/logo\/image\/\"}}]}<\/script>\n<!-- \/ Yoast SEO plugin. -->","yoast_head_json":{"title":"Transport escolar - Ripollet Travel","robots":{"index":"index","follow":"follow","max-snippet":"max-snippet:-1","max-image-preview":"max-image-preview:large","max-video-preview":"max-video-preview:-1"},"canonical":"https:\/\/ripollettravel.com\/ca\/contratar-servicios\/transporte-escolar\/","og_locale":"ca_ES","og_type":"article","og_title":"Transport escolar - Ripollet Travel","og_description":"Confi\u00ef en el nostre servei de transport escolar per a brindar-los als seus fills una experi\u00e8ncia segura, c\u00f2moda i puntual. Som aqu\u00ed per a fer que el viatge escolar sigui una experi\u00e8ncia plaent i sense preocupacions per a vost\u00e8 i la seva fam\u00edlia. Contacti'ns avui mateix i permeti'ns cuidar del transport dels seus petits sers estimats!","og_url":"https:\/\/ripollettravel.com\/ca\/contratar-servicios\/transporte-escolar\/","og_site_name":"Ripollet Travel","article_modified_time":"2023-10-03T09:39:06+00:00","og_image":[{"width":1000,"height":700,"url":"https:\/\/ripollettravel.com\/wp-content\/uploads\/2023\/09\/servicios-img-transporte-escolar.jpg","type":"image\/jpeg"}],"twitter_card":"summary_large_image","schema":{"@context":"https:\/\/schema.org","@graph":[{"@type":"WebPage","@id":"https:\/\/ripollettravel.com\/ca\/contratar-servicios\/transporte-escolar\/","url":"https:\/\/ripollettravel.com\/ca\/contratar-servicios\/transporte-escolar\/","name":"Transport escolar - Ripollet Travel","isPartOf":{"@id":"https:\/\/ripollettravel.com\/#website"},"datePublished":"2013-11-18T23:14:45+00:00","dateModified":"2023-10-03T09:39:06+00:00","breadcrumb":{"@id":"https:\/\/ripollettravel.com\/ca\/contratar-servicios\/transporte-escolar\/#breadcrumb"},"inLanguage":"ca","potentialAction":[{"@type":"ReadAction","target":["https:\/\/ripollettravel.com\/ca\/contratar-servicios\/transporte-escolar\/"]}]},{"@type":"BreadcrumbList","@id":"https:\/\/ripollettravel.com\/ca\/contratar-servicios\/transporte-escolar\/#breadcrumb","itemListElement":[{"@type":"ListItem","position":1,"name":"Home","item":"https:\/\/ripollettravel.com\/ca\/"},{"@type":"ListItem","position":2,"name":"Botiga","item":"https:\/\/ripollettravel.com\/ca\/botiga\/"},{"@type":"ListItem","position":3,"name":"Transport escolar"}]},{"@type":"WebSite","@id":"https:\/\/ripollettravel.com\/#website","url":"https:\/\/ripollettravel.com\/","name":"Ripollet Travel","description":"Ripollet Travel","publisher":{"@id":"https:\/\/ripollettravel.com\/#organization"},"potentialAction":[{"@type":"SearchAction","target":{"@type":"EntryPoint","urlTemplate":"https:\/\/ripollettravel.com\/?s={search_term_string}"},"query-input":"required name=search_term_string"}],"inLanguage":"ca"},{"@type":"Organization","@id":"https:\/\/ripollettravel.com\/#organization","name":"Ripollet Travel","url":"https:\/\/ripollettravel.com\/","logo":{"@type":"ImageObject","inLanguage":"ca","@id":"https:\/\/ripollettravel.com\/#\/schema\/logo\/image\/","url":"https:\/\/ripollettravel.com\/wp-content\/uploads\/2023\/08\/logo-ripollet-travel.png","contentUrl":"https:\/\/ripollettravel.com\/wp-content\/uploads\/2023\/08\/logo-ripollet-travel.png","width":2754,"height":264,"caption":"Ripollet Travel"},"image":{"@id":"https:\/\/ripollettravel.com\/#\/schema\/logo\/image\/"}}]}},"_links":{"self":[{"href":"https:\/\/ripollettravel.com\/ca\/wp-json\/wp\/v2\/product\/5828"}],"collection":[{"href":"https:\/\/ripollettravel.com\/ca\/wp-json\/wp\/v2\/product"}],"about":[{"href":"https:\/\/ripollettravel.com\/ca\/wp-json\/wp\/v2\/types\/product"}],"wp:featuredmedia":[{"embeddable":true,"href":"https:\/\/ripollettravel.com\/ca\/wp-json\/wp\/v2\/media\/5751"}],"wp:attachment":[{"href":"https:\/\/ripollettravel.com\/ca\/wp-json\/wp\/v2\/media?parent=5828"}],"wp:term":[{"taxonomy":"product_cat","embeddable":true,"href":"https:\/\/ripollettravel.com\/ca\/wp-json\/wp\/v2\/product_cat?post=5828"},{"taxonomy":"product_tag","embeddable":true,"href":"https:\/\/ripollettravel.com\/ca\/wp-json\/wp\/v2\/product_tag?post=5828"}],"curies":[{"name":"wp","href":"https:\/\/api.w.org\/{rel}","templated":true}]}}