{"id":5826,"date":"2023-09-27T08:18:15","date_gmt":"2023-09-27T08:18:15","guid":{"rendered":"https:\/\/ripollettravel.com\/contratar-servicios\/transporte-agencias-de-viaje\/"},"modified":"2023-10-03T09:35:23","modified_gmt":"2023-10-03T09:35:23","slug":"transporte-agencias-de-viaje","status":"publish","type":"product","link":"https:\/\/ripollettravel.com\/ca\/contratar-servicios\/transporte-agencias-de-viaje\/","title":{"rendered":"Transport agencies de viatge"},"content":{"rendered":"<p class=\"p1\">La nostra flota de vehicles est\u00e0 equipada amb totes les comoditats necess\u00e0ries perqu\u00e8 el viatge sigui agradable. Espai ampli per a les cames, seients c\u00f2modes i un ambient agradable fan que el transport sigui part integral de l&#8217;experi\u00e8ncia de viatge per als seus clients.<span class=\"Apple-converted-space\"> <\/span><\/p>\n","protected":false},"excerpt":{"rendered":"<p class=\"p1\">La nostra flota de vehicles est\u00e0 equipada amb totes les comoditats necess\u00e0ries perqu\u00e8 el viatge sigui agradable. Espai ampli per a les cames, seients c\u00f2modes i un ambient agradable fan que el transport sigui part integral de l&#8217;experi\u00e8ncia de viatge per als seus clients.<span class=\"Apple-converted-space\"> <\/span><\/p>\n","protected":false},"featured_media":5753,"template":"","meta":[],"product_cat":[113],"product_tag":[],"yoast_head":"<!-- This site is optimized with the Yoast SEO plugin v21.3 - https:\/\/yoast.com\/wordpress\/plugins\/seo\/ -->\n<title>Transport agencies de viatge - Ripollet Travel<\/title>\n<meta name=\"robots\" content=\"index, follow, max-snippet:-1, max-image-preview:large, max-video-preview:-1\" \/>\n<link rel=\"canonical\" href=\"https:\/\/ripollettravel.com\/ca\/contratar-servicios\/transporte-agencias-de-viaje\/\" \/>\n<meta property=\"og:locale\" content=\"ca_ES\" \/>\n<meta property=\"og:type\" content=\"article\" \/>\n<meta property=\"og:title\" content=\"Transport agencies de viatge - Ripollet Travel\" \/>\n<meta property=\"og:description\" content=\"La nostra flota de vehicles est\u00e0 equipada amb totes les comoditats necess\u00e0ries perqu\u00e8 el viatge sigui agradable. Espai ampli per a les cames, seients c\u00f2modes i un ambient agradable fan que el transport sigui part integral de l&#039;experi\u00e8ncia de viatge per als seus clients.\" \/>\n<meta property=\"og:url\" content=\"https:\/\/ripollettravel.com\/ca\/contratar-servicios\/transporte-agencias-de-viaje\/\" \/>\n<meta property=\"og:site_name\" content=\"Ripollet Travel\" \/>\n<meta property=\"article:modified_time\" content=\"2023-10-03T09:35:23+00:00\" \/>\n<meta property=\"og:image\" content=\"https:\/\/ripollettravel.com\/wp-content\/uploads\/2023\/09\/servicios-img-agencias-viaje.jpg\" \/>\n\t<meta property=\"og:image:width\" content=\"1000\" \/>\n\t<meta property=\"og:image:height\" content=\"700\" \/>\n\t<meta property=\"og:image:type\" content=\"image\/jpeg\" \/>\n<meta name=\"twitter:card\" content=\"summary_large_image\" \/>\n<script type=\"application\/ld+json\" class=\"yoast-schema-graph\">{\"@context\":\"https:\/\/schema.org\",\"@graph\":[{\"@type\":\"WebPage\",\"@id\":\"https:\/\/ripollettravel.com\/ca\/contratar-servicios\/transporte-agencias-de-viaje\/\",\"url\":\"https:\/\/ripollettravel.com\/ca\/contratar-servicios\/transporte-agencias-de-viaje\/\",\"name\":\"Transport agencies de viatge - Ripollet Travel\",\"isPartOf\":{\"@id\":\"https:\/\/ripollettravel.com\/#website\"},\"datePublished\":\"2023-09-27T08:18:15+00:00\",\"dateModified\":\"2023-10-03T09:35:23+00:00\",\"breadcrumb\":{\"@id\":\"https:\/\/ripollettravel.com\/ca\/contratar-servicios\/transporte-agencias-de-viaje\/#breadcrumb\"},\"inLanguage\":\"ca\",\"potentialAction\":[{\"@type\":\"ReadAction\",\"target\":[\"https:\/\/ripollettravel.com\/ca\/contratar-servicios\/transporte-agencias-de-viaje\/\"]}]},{\"@type\":\"BreadcrumbList\",\"@id\":\"https:\/\/ripollettravel.com\/ca\/contratar-servicios\/transporte-agencias-de-viaje\/#breadcrumb\",\"itemListElement\":[{\"@type\":\"ListItem\",\"position\":1,\"name\":\"Home\",\"item\":\"https:\/\/ripollettravel.com\/ca\/\"},{\"@type\":\"ListItem\",\"position\":2,\"name\":\"Botiga\",\"item\":\"https:\/\/ripollettravel.com\/ca\/botiga\/\"},{\"@type\":\"ListItem\",\"position\":3,\"name\":\"Transport agencies de viatge\"}]},{\"@type\":\"WebSite\",\"@id\":\"https:\/\/ripollettravel.com\/#website\",\"url\":\"https:\/\/ripollettravel.com\/\",\"name\":\"Ripollet Travel\",\"description\":\"Ripollet Travel\",\"publisher\":{\"@id\":\"https:\/\/ripollettravel.com\/#organization\"},\"potentialAction\":[{\"@type\":\"SearchAction\",\"target\":{\"@type\":\"EntryPoint\",\"urlTemplate\":\"https:\/\/ripollettravel.com\/?s={search_term_string}\"},\"query-input\":\"required name=search_term_string\"}],\"inLanguage\":\"ca\"},{\"@type\":\"Organization\",\"@id\":\"https:\/\/ripollettravel.com\/#organization\",\"name\":\"Ripollet Travel\",\"url\":\"https:\/\/ripollettravel.com\/\",\"logo\":{\"@type\":\"ImageObject\",\"inLanguage\":\"ca\",\"@id\":\"https:\/\/ripollettravel.com\/#\/schema\/logo\/image\/\",\"url\":\"https:\/\/ripollettravel.com\/wp-content\/uploads\/2023\/08\/logo-ripollet-travel.png\",\"contentUrl\":\"https:\/\/ripollettravel.com\/wp-content\/uploads\/2023\/08\/logo-ripollet-travel.png\",\"width\":2754,\"height\":264,\"caption\":\"Ripollet Travel\"},\"image\":{\"@id\":\"https:\/\/ripollettravel.com\/#\/schema\/logo\/image\/\"}}]}<\/script>\n<!-- \/ Yoast SEO plugin. -->","yoast_head_json":{"title":"Transport agencies de viatge - Ripollet Travel","robots":{"index":"index","follow":"follow","max-snippet":"max-snippet:-1","max-image-preview":"max-image-preview:large","max-video-preview":"max-video-preview:-1"},"canonical":"https:\/\/ripollettravel.com\/ca\/contratar-servicios\/transporte-agencias-de-viaje\/","og_locale":"ca_ES","og_type":"article","og_title":"Transport agencies de viatge - Ripollet Travel","og_description":"La nostra flota de vehicles est\u00e0 equipada amb totes les comoditats necess\u00e0ries perqu\u00e8 el viatge sigui agradable. Espai ampli per a les cames, seients c\u00f2modes i un ambient agradable fan que el transport sigui part integral de l'experi\u00e8ncia de viatge per als seus clients.","og_url":"https:\/\/ripollettravel.com\/ca\/contratar-servicios\/transporte-agencias-de-viaje\/","og_site_name":"Ripollet Travel","article_modified_time":"2023-10-03T09:35:23+00:00","og_image":[{"width":1000,"height":700,"url":"https:\/\/ripollettravel.com\/wp-content\/uploads\/2023\/09\/servicios-img-agencias-viaje.jpg","type":"image\/jpeg"}],"twitter_card":"summary_large_image","schema":{"@context":"https:\/\/schema.org","@graph":[{"@type":"WebPage","@id":"https:\/\/ripollettravel.com\/ca\/contratar-servicios\/transporte-agencias-de-viaje\/","url":"https:\/\/ripollettravel.com\/ca\/contratar-servicios\/transporte-agencias-de-viaje\/","name":"Transport agencies de viatge - Ripollet Travel","isPartOf":{"@id":"https:\/\/ripollettravel.com\/#website"},"datePublished":"2023-09-27T08:18:15+00:00","dateModified":"2023-10-03T09:35:23+00:00","breadcrumb":{"@id":"https:\/\/ripollettravel.com\/ca\/contratar-servicios\/transporte-agencias-de-viaje\/#breadcrumb"},"inLanguage":"ca","potentialAction":[{"@type":"ReadAction","target":["https:\/\/ripollettravel.com\/ca\/contratar-servicios\/transporte-agencias-de-viaje\/"]}]},{"@type":"BreadcrumbList","@id":"https:\/\/ripollettravel.com\/ca\/contratar-servicios\/transporte-agencias-de-viaje\/#breadcrumb","itemListElement":[{"@type":"ListItem","position":1,"name":"Home","item":"https:\/\/ripollettravel.com\/ca\/"},{"@type":"ListItem","position":2,"name":"Botiga","item":"https:\/\/ripollettravel.com\/ca\/botiga\/"},{"@type":"ListItem","position":3,"name":"Transport agencies de viatge"}]},{"@type":"WebSite","@id":"https:\/\/ripollettravel.com\/#website","url":"https:\/\/ripollettravel.com\/","name":"Ripollet Travel","description":"Ripollet Travel","publisher":{"@id":"https:\/\/ripollettravel.com\/#organization"},"potentialAction":[{"@type":"SearchAction","target":{"@type":"EntryPoint","urlTemplate":"https:\/\/ripollettravel.com\/?s={search_term_string}"},"query-input":"required name=search_term_string"}],"inLanguage":"ca"},{"@type":"Organization","@id":"https:\/\/ripollettravel.com\/#organization","name":"Ripollet Travel","url":"https:\/\/ripollettravel.com\/","logo":{"@type":"ImageObject","inLanguage":"ca","@id":"https:\/\/ripollettravel.com\/#\/schema\/logo\/image\/","url":"https:\/\/ripollettravel.com\/wp-content\/uploads\/2023\/08\/logo-ripollet-travel.png","contentUrl":"https:\/\/ripollettravel.com\/wp-content\/uploads\/2023\/08\/logo-ripollet-travel.png","width":2754,"height":264,"caption":"Ripollet Travel"},"image":{"@id":"https:\/\/ripollettravel.com\/#\/schema\/logo\/image\/"}}]}},"_links":{"self":[{"href":"https:\/\/ripollettravel.com\/ca\/wp-json\/wp\/v2\/product\/5826"}],"collection":[{"href":"https:\/\/ripollettravel.com\/ca\/wp-json\/wp\/v2\/product"}],"about":[{"href":"https:\/\/ripollettravel.com\/ca\/wp-json\/wp\/v2\/types\/product"}],"wp:featuredmedia":[{"embeddable":true,"href":"https:\/\/ripollettravel.com\/ca\/wp-json\/wp\/v2\/media\/5753"}],"wp:attachment":[{"href":"https:\/\/ripollettravel.com\/ca\/wp-json\/wp\/v2\/media?parent=5826"}],"wp:term":[{"taxonomy":"product_cat","embeddable":true,"href":"https:\/\/ripollettravel.com\/ca\/wp-json\/wp\/v2\/product_cat?post=5826"},{"taxonomy":"product_tag","embeddable":true,"href":"https:\/\/ripollettravel.com\/ca\/wp-json\/wp\/v2\/product_tag?post=5826"}],"curies":[{"name":"wp","href":"https:\/\/api.w.org\/{rel}","templated":true}]}}