{"id":5513,"date":"2013-12-03T23:44:31","date_gmt":"2013-12-03T23:44:31","guid":{"rendered":"https:\/\/ripollettravel.com\/quienes-somos\/"},"modified":"2023-10-03T08:40:45","modified_gmt":"2023-10-03T08:40:45","slug":"qui-som","status":"publish","type":"page","link":"https:\/\/ripollettravel.com\/ca\/qui-som\/","title":{"rendered":"Qui som"},"content":{"rendered":"<section class=\"wpb-content-wrapper\">[vc_row full_width=&#8221;stretch_row&#8221; bg_style=&#8221;stretch&#8221; css=&#8221;.vc_custom_1694762134628{padding-top: 120px !important;padding-bottom: 80px !important;background: #333333 url(https:\/\/ripollettravel.com\/wp-content\/uploads\/2023\/09\/bg-titleheader-quien-somos.jpg?id=5083) !important;background-position: center !important;background-repeat: no-repeat !important;background-size: cover !important;}&#8221;][vc_column]<style>.vcex-heading.vcex_6a0369e305c32{color:#ffffff;font-size:34px;text-transform:uppercase;}<\/style><h2 class=\"vcex-heading vcex-heading-plain vcex-module wpex-text-2xl wpex-font-normal wpex-text-center vcex_6a0369e305c32\"><span class=\"vcex-heading-inner wpex-inline-block\">Quin som<\/span><\/h2><div class=\"vcex-spacing wpex-w-100 wpex-clear\" style=\"height:10px;\"><\/div>[vc_column_text text_align=&#8221;center&#8221; font_weight=&#8221;300&#8243; width=&#8221;500px&#8221; color=&#8221;#ffffff&#8221; font_size=&#8221;16px&#8221;]\n<div class=\"traductor-textarea form-group\">\n<div class=\"textarea-desti col-xs-12 col-sm-6\">\n<div class=\"form-control second-textarea\">Benvingut a Autocars Ripollet Travel, la seva millor opci\u00f3 per al lloguer d&#8217;autocars a Barcelona!<\/div>\n<\/div>\n<\/div>\n[\/vc_column_text][\/vc_column][\/vc_row][vc_section][vc_row full_width=&#8221;stretch_row&#8221; remove_bottom_col_margin=&#8221;true&#8221; css=&#8221;.vc_custom_1691398637701{padding-top: 10% !important;padding-bottom: 5% !important;background-color: #f6f6f6 !important;}&#8221;][vc_column][vc_column_text text_align=&#8221;center&#8221; font_size=&#8221;18px&#8221; color=&#8221;#222020&#8243;]A <strong>Autocars Ripollet Travel<\/strong>, prioritzem la seva seguretat, comoditat i satisfacci\u00f3 en cada viatge. El nostre comprom\u00eds amb la qualitat i innovaci\u00f3 ens impulsa a brindar-li vehicles d&#8217;\u00faltima generaci\u00f3, equipats amb les \u00faltimes tecnologies i totes les prestacions necess\u00e0ries per a fer de la seva experi\u00e8ncia de viatge quelcom excepcional.<\/p>\n<p>Ens enorgullim de comptar amb una <strong>flota d&#8217;autocars moderns i ben mantinguts que compleixen amb els m\u00e9s alts est\u00e0ndards de seguretat i confort<\/strong>. El nostre equip altament capacitat de conductors professionals li garanteix un viatge tranquil i plaent, assegurant-se que arribi al seu dest\u00ed de manera puntual i segura.<\/p>\n<p>Ja sigui que estigui organitzant un viatge per a un grup petit o una gran excursi\u00f3, <strong>estem preparats per a adaptar-nos a les seves necessitats espec\u00edfiques<\/strong>. Des de trasllats a l&#8217;aeroport fins a esdeveniments corporatius, viatges tur\u00edstics o celebracions especials, el nostre servei de lloguer d&#8217;autocars li ofereix la soluci\u00f3 perfecta per al seu transport a Barcelona.<\/p>\n<p>A m\u00e9s, en Autocars Ripollet Travel, ens preocupem pel medi ambient, per la qual cosa comptem amb <strong>autocars que compleixen amb les normatives m\u00e9s estrictes d&#8217;emissions<\/strong>, contribuint aix\u00ed a la sostenibilitat i preservaci\u00f3 de l&#8217;entorn.<\/p>\n<p>Confi\u00ef en nosaltres per a dur-lo al seu dest\u00ed amb estil i efici\u00e8ncia. <strong>El nostre comprom\u00eds \u00e9s superar les seves expectatives i brindar-li una experi\u00e8ncia \u00fanica en cada viatge<\/strong>. Contacti&#8217;ns ara i descobreixi per quins Autocars Ripollet Travel \u00e9s el seu millor aliat per al lloguer d&#8217;autocars a Barcelona![\/vc_column_text]<div class=\"vcex-spacing wpex-w-100 wpex-clear\" style=\"height:40px;\"><\/div>[\/vc_column][\/vc_row][\/vc_section][vc_section full_width=&#8221;stretch_row_content&#8221; css=&#8221;.vc_custom_1691398914592{margin-right: 0px !important;margin-left: 0px !important;}&#8221;][vc_row column_spacing=&#8221;0px&#8221; remove_bottom_col_margin=&#8221;true&#8221; css=&#8221;.vc_custom_1691398930243{margin-right: 0px !important;margin-left: 0px !important;}&#8221;][vc_column width=&#8221;1\/4&#8243;]<style>.vcex-image.vcex_6a0369e3073b6 .vcex-image-inner{max-width:800px;}<\/style><figure class=\"vcex-image vcex-module textcenter vcex_6a0369e3073b6\"><div class=\"vcex-image-inner wpex-relative wpex-inline-block\"><img width=\"1000\" height=\"700\" src=\"https:\/\/ripollettravel.com\/wp-content\/uploads\/2023\/10\/autocares-barcelona-ripollet-6.jpg\" class=\"vcex-image-img wpex-align-middle\" alt=\"alquiler autocares - Ripollet travel\" decoding=\"async\" loading=\"lazy\" srcset=\"https:\/\/ripollettravel.com\/wp-content\/uploads\/2023\/10\/autocares-barcelona-ripollet-6.jpg 1000w, https:\/\/ripollettravel.com\/wp-content\/uploads\/2023\/10\/autocares-barcelona-ripollet-6-300x210.jpg 300w, https:\/\/ripollettravel.com\/wp-content\/uploads\/2023\/10\/autocares-barcelona-ripollet-6-768x538.jpg 768w, https:\/\/ripollettravel.com\/wp-content\/uploads\/2023\/10\/autocares-barcelona-ripollet-6-600x420.jpg 600w\" sizes=\"(max-width: 1000px) 100vw, 1000px\" \/><\/div><\/figure>[\/vc_column][vc_column width=&#8221;1\/4&#8243;]<style>.vcex-image.vcex_6a0369e3084fd .vcex-image-inner{max-width:800px;}<\/style><figure class=\"vcex-image vcex-module textcenter vcex_6a0369e3084fd\"><div class=\"vcex-image-inner wpex-relative wpex-inline-block\"><img width=\"1000\" height=\"700\" src=\"https:\/\/ripollettravel.com\/wp-content\/uploads\/2023\/09\/img-about-2.jpg\" class=\"vcex-image-img wpex-align-middle\" alt=\"alquiler autocares\" decoding=\"async\" loading=\"lazy\" srcset=\"https:\/\/ripollettravel.com\/wp-content\/uploads\/2023\/09\/img-about-2.jpg 1000w, https:\/\/ripollettravel.com\/wp-content\/uploads\/2023\/09\/img-about-2-300x210.jpg 300w, https:\/\/ripollettravel.com\/wp-content\/uploads\/2023\/09\/img-about-2-768x538.jpg 768w, https:\/\/ripollettravel.com\/wp-content\/uploads\/2023\/09\/img-about-2-600x420.jpg 600w\" sizes=\"(max-width: 1000px) 100vw, 1000px\" \/><\/div><\/figure>[\/vc_column][vc_column width=&#8221;1\/4&#8243;]<style>.vcex-image.vcex_6a0369e309328 .vcex-image-inner{max-width:800px;}<\/style><figure class=\"vcex-image vcex-module textcenter vcex_6a0369e309328\"><div class=\"vcex-image-inner wpex-relative wpex-inline-block\"><img width=\"1000\" height=\"700\" src=\"https:\/\/ripollettravel.com\/wp-content\/uploads\/2023\/10\/autocares-barcelona-ripollet-8.jpg\" class=\"vcex-image-img wpex-align-middle\" alt=\"\" decoding=\"async\" loading=\"lazy\" srcset=\"https:\/\/ripollettravel.com\/wp-content\/uploads\/2023\/10\/autocares-barcelona-ripollet-8.jpg 1000w, https:\/\/ripollettravel.com\/wp-content\/uploads\/2023\/10\/autocares-barcelona-ripollet-8-300x210.jpg 300w, https:\/\/ripollettravel.com\/wp-content\/uploads\/2023\/10\/autocares-barcelona-ripollet-8-768x538.jpg 768w, https:\/\/ripollettravel.com\/wp-content\/uploads\/2023\/10\/autocares-barcelona-ripollet-8-600x420.jpg 600w\" sizes=\"(max-width: 1000px) 100vw, 1000px\" \/><\/div><\/figure>[\/vc_column][vc_column width=&#8221;1\/4&#8243;]<style>.vcex-image.vcex_6a0369e30a0c9 .vcex-image-inner{max-width:800px;}<\/style><figure class=\"vcex-image vcex-module textcenter vcex_6a0369e30a0c9\"><div class=\"vcex-image-inner wpex-relative wpex-inline-block\"><img width=\"1000\" height=\"700\" src=\"https:\/\/ripollettravel.com\/wp-content\/uploads\/2023\/09\/img-about-4.jpg\" class=\"vcex-image-img wpex-align-middle\" alt=\"alquiler autocares - Ripollet travel\" decoding=\"async\" loading=\"lazy\" srcset=\"https:\/\/ripollettravel.com\/wp-content\/uploads\/2023\/09\/img-about-4.jpg 1000w, https:\/\/ripollettravel.com\/wp-content\/uploads\/2023\/09\/img-about-4-300x210.jpg 300w, https:\/\/ripollettravel.com\/wp-content\/uploads\/2023\/09\/img-about-4-768x538.jpg 768w, https:\/\/ripollettravel.com\/wp-content\/uploads\/2023\/09\/img-about-4-600x420.jpg 600w\" sizes=\"(max-width: 1000px) 100vw, 1000px\" \/><\/div><\/figure>[\/vc_column][\/vc_row][\/vc_section][vc_row remove_bottom_col_margin=&#8221;true&#8221;][vc_column]<div class=\"templatera_shortcode\"><style type=\"text\/css\" data-type=\"vc_shortcodes-custom-css\">.vc_custom_1696244623938{border-top-width: 1px !important;border-bottom-width: 1px !important;padding-top: 90px !important;padding-bottom: 90px !important;background-color: #f5f5f5 !important;border-top-color: #ededed !important;border-top-style: solid !important;border-bottom-color: #ededed !important;border-bottom-style: solid !important;}.vc_custom_1696322250070{padding-bottom: 15px !important;}<\/style><p>[vc_row full_width=\"stretch_row\" parallax=\"content-moving\" parallax_image=\"5189\" parallax_speed_bg=\"1.6\" wpex_bg_overlay=\"dark\" remove_bottom_col_margin=\"true\" css=\".vc_custom_1696244623938{border-top-width: 1px !important;border-bottom-width: 1px !important;padding-top: 90px !important;padding-bottom: 90px !important;background-color: #f5f5f5 !important;border-top-color: #ededed !important;border-top-style: solid !important;border-bottom-color: #ededed !important;border-bottom-style: solid !important;}\" wpex_bg_overlay_color=\"#000000\" wpex_bg_overlay_opacity=\"0.3\"][vc_column]<style>.vcex-heading.vcex_6a0369e30c0e9{color:#ffffff;font-size:32px;font-weight:400;}<\/style><h2 class=\"vcex-heading vcex-heading-plain vcex-module wpex-text-2xl wpex-font-normal wpex-text-center vc_custom_1696322250070 vcex_6a0369e30c0e9\"><span class=\"vcex-heading-inner wpex-inline-block\">NECESSITES M\u00c9S INFORMACI\u00d3?<\/span><\/h2>[vc_column_text text_align=\"center\" font_weight=\"300\" color=\"#ffffff\" font_size=\"18px\" width=\"700px\"]Posem a la seva disposici\u00f3 un nou canal de comunicaci\u00f3 on podr\u00e0 trobar informaci\u00f3 rellevant per a treure el m\u00e0xim partit en la seva gesti\u00f3 del dia a dia.[\/vc_column_text]<div class=\"vcex-spacing wpex-w-100 wpex-clear\"><\/div><div class=\"theme-button-wrap textcenter wpex-clr\"><a href=\"\/ca\/contacte\/\" class=\"vcex-button theme-button align-center inline\" style=\"font-size:16px;font-weight:400;\" title=\"Purchase Total\" rel=\"nofollow\"><span class=\"vcex-button-inner theme-button-inner\">Sol\u00b7licitar pressupost<span class=\"vcex-button-icon vcex-icon-wrap theme-button-icon-right\"><span class=\"ticon ticon-long-arrow-right\" aria-hidden=\"true\"><\/span><\/span><\/span><\/a><\/div> [\/vc_column][\/vc_row]<\/p>\r\n<\/div>[\/vc_column][\/vc_row]\n<\/section>","protected":false},"excerpt":{"rendered":"<p>[vc_row full_width=&#8221;stretch_row&#8221; bg_style=&#8221;stretch&#8221; css=&#8221;.vc_custom_1694762134628{padding-top: 120px !important;padding-bottom: 80px !important;background: #333333 url(https:\/\/ripollettravel.com\/wp-content\/uploads\/2023\/09\/bg-titleheader-quien-somos.jpg?id=5083) !important;background-position: center !important;background-repeat: no-repeat !important;background-size: cover !important;}&#8221;][vc_column][vc_column_text text_align=&#8221;center&#8221; font_weight=&#8221;300&#8243; width=&#8221;500px&#8221; color=&#8221;#ffffff&#8221; font_size=&#8221;16px&#8221;] Benvingut a Autocars Ripollet Travel, la seva millor opci\u00f3 per al lloguer d&#8217;autocars a Barcelona! [\/vc_column_text][\/vc_column][\/vc_row][vc_section][vc_row full_width=&#8221;stretch_row&#8221; remove_bottom_col_margin=&#8221;true&#8221; css=&#8221;.vc_custom_1691398637701{padding-top: 10% !important;padding-bottom: 5% !important;background-color: #f6f6f6 !important;}&#8221;][vc_column][vc_column_text text_align=&#8221;center&#8221; font_size=&#8221;18px&#8221; color=&#8221;#222020&#8243;]A Autocars Ripollet Travel, prioritzem la&hellip;<\/p>\n","protected":false},"author":1,"featured_media":5760,"parent":0,"menu_order":0,"comment_status":"closed","ping_status":"closed","template":"","meta":{"footnotes":""},"yoast_head":"<!-- This site is optimized with the Yoast SEO plugin v21.3 - https:\/\/yoast.com\/wordpress\/plugins\/seo\/ -->\n<title>Qui som - Ripollet Travel<\/title>\n<meta name=\"robots\" content=\"index, follow, max-snippet:-1, max-image-preview:large, max-video-preview:-1\" \/>\n<link rel=\"canonical\" href=\"https:\/\/ripollettravel.com\/ca\/qui-som\/\" \/>\n<meta property=\"og:locale\" content=\"ca_ES\" \/>\n<meta property=\"og:type\" content=\"article\" \/>\n<meta property=\"og:title\" content=\"Qui som - Ripollet Travel\" \/>\n<meta property=\"og:description\" content=\"[vc_row full_width=&#8221;stretch_row&#8221; bg_style=&#8221;stretch&#8221; css=&#8221;.vc_custom_1694762134628{padding-top: 120px !important;padding-bottom: 80px !important;background: #333333 url(https:\/\/ripollettravel.com\/wp-content\/uploads\/2023\/09\/bg-titleheader-quien-somos.jpg?id=5083) !important;background-position: center !important;background-repeat: no-repeat !important;background-size: cover !important;}&#8221;][vc_column][vc_column_text text_align=&#8221;center&#8221; font_weight=&#8221;300&#8243; width=&#8221;500px&#8221; color=&#8221;#ffffff&#8221; font_size=&#8221;16px&#8221;] Benvingut a Autocars Ripollet Travel, la seva millor opci\u00f3 per al lloguer d&#8217;autocars a Barcelona! [\/vc_column_text][\/vc_column][\/vc_row][vc_section][vc_row full_width=&#8221;stretch_row&#8221; remove_bottom_col_margin=&#8221;true&#8221; css=&#8221;.vc_custom_1691398637701{padding-top: 10% !important;padding-bottom: 5% !important;background-color: #f6f6f6 !important;}&#8221;][vc_column][vc_column_text text_align=&#8221;center&#8221; font_size=&#8221;18px&#8221; color=&#8221;#222020&#8243;]A Autocars Ripollet Travel, prioritzem la&hellip;\" \/>\n<meta property=\"og:url\" content=\"https:\/\/ripollettravel.com\/ca\/qui-som\/\" \/>\n<meta property=\"og:site_name\" content=\"Ripollet Travel\" \/>\n<meta property=\"article:modified_time\" content=\"2023-10-03T08:40:45+00:00\" \/>\n<meta name=\"twitter:card\" content=\"summary_large_image\" \/>\n<meta name=\"twitter:label1\" content=\"Temps estimat de lectura\" \/>\n\t<meta name=\"twitter:data1\" content=\"2 minuts\" \/>\n<script type=\"application\/ld+json\" class=\"yoast-schema-graph\">{\"@context\":\"https:\/\/schema.org\",\"@graph\":[{\"@type\":\"WebPage\",\"@id\":\"https:\/\/ripollettravel.com\/ca\/qui-som\/\",\"url\":\"https:\/\/ripollettravel.com\/ca\/qui-som\/\",\"name\":\"Qui som - Ripollet Travel\",\"isPartOf\":{\"@id\":\"https:\/\/ripollettravel.com\/#website\"},\"datePublished\":\"2013-12-03T23:44:31+00:00\",\"dateModified\":\"2023-10-03T08:40:45+00:00\",\"breadcrumb\":{\"@id\":\"https:\/\/ripollettravel.com\/ca\/qui-som\/#breadcrumb\"},\"inLanguage\":\"ca\",\"potentialAction\":[{\"@type\":\"ReadAction\",\"target\":[\"https:\/\/ripollettravel.com\/ca\/qui-som\/\"]}]},{\"@type\":\"BreadcrumbList\",\"@id\":\"https:\/\/ripollettravel.com\/ca\/qui-som\/#breadcrumb\",\"itemListElement\":[{\"@type\":\"ListItem\",\"position\":1,\"name\":\"Home\",\"item\":\"https:\/\/ripollettravel.com\/ca\/\"},{\"@type\":\"ListItem\",\"position\":2,\"name\":\"Qui som\"}]},{\"@type\":\"WebSite\",\"@id\":\"https:\/\/ripollettravel.com\/#website\",\"url\":\"https:\/\/ripollettravel.com\/\",\"name\":\"Ripollet Travel\",\"description\":\"Ripollet Travel\",\"publisher\":{\"@id\":\"https:\/\/ripollettravel.com\/#organization\"},\"potentialAction\":[{\"@type\":\"SearchAction\",\"target\":{\"@type\":\"EntryPoint\",\"urlTemplate\":\"https:\/\/ripollettravel.com\/?s={search_term_string}\"},\"query-input\":\"required name=search_term_string\"}],\"inLanguage\":\"ca\"},{\"@type\":\"Organization\",\"@id\":\"https:\/\/ripollettravel.com\/#organization\",\"name\":\"Ripollet Travel\",\"url\":\"https:\/\/ripollettravel.com\/\",\"logo\":{\"@type\":\"ImageObject\",\"inLanguage\":\"ca\",\"@id\":\"https:\/\/ripollettravel.com\/#\/schema\/logo\/image\/\",\"url\":\"https:\/\/ripollettravel.com\/wp-content\/uploads\/2023\/08\/logo-ripollet-travel.png\",\"contentUrl\":\"https:\/\/ripollettravel.com\/wp-content\/uploads\/2023\/08\/logo-ripollet-travel.png\",\"width\":2754,\"height\":264,\"caption\":\"Ripollet Travel\"},\"image\":{\"@id\":\"https:\/\/ripollettravel.com\/#\/schema\/logo\/image\/\"}}]}<\/script>\n<!-- \/ Yoast SEO plugin. -->","yoast_head_json":{"title":"Qui som - Ripollet Travel","robots":{"index":"index","follow":"follow","max-snippet":"max-snippet:-1","max-image-preview":"max-image-preview:large","max-video-preview":"max-video-preview:-1"},"canonical":"https:\/\/ripollettravel.com\/ca\/qui-som\/","og_locale":"ca_ES","og_type":"article","og_title":"Qui som - Ripollet Travel","og_description":"[vc_row full_width=&#8221;stretch_row&#8221; bg_style=&#8221;stretch&#8221; css=&#8221;.vc_custom_1694762134628{padding-top: 120px !important;padding-bottom: 80px !important;background: #333333 url(https:\/\/ripollettravel.com\/wp-content\/uploads\/2023\/09\/bg-titleheader-quien-somos.jpg?id=5083) !important;background-position: center !important;background-repeat: no-repeat !important;background-size: cover !important;}&#8221;][vc_column][vc_column_text text_align=&#8221;center&#8221; font_weight=&#8221;300&#8243; width=&#8221;500px&#8221; color=&#8221;#ffffff&#8221; font_size=&#8221;16px&#8221;] Benvingut a Autocars Ripollet Travel, la seva millor opci\u00f3 per al lloguer d&#8217;autocars a Barcelona! [\/vc_column_text][\/vc_column][\/vc_row][vc_section][vc_row full_width=&#8221;stretch_row&#8221; remove_bottom_col_margin=&#8221;true&#8221; css=&#8221;.vc_custom_1691398637701{padding-top: 10% !important;padding-bottom: 5% !important;background-color: #f6f6f6 !important;}&#8221;][vc_column][vc_column_text text_align=&#8221;center&#8221; font_size=&#8221;18px&#8221; color=&#8221;#222020&#8243;]A Autocars Ripollet Travel, prioritzem la&hellip;","og_url":"https:\/\/ripollettravel.com\/ca\/qui-som\/","og_site_name":"Ripollet Travel","article_modified_time":"2023-10-03T08:40:45+00:00","twitter_card":"summary_large_image","twitter_misc":{"Temps estimat de lectura":"2 minuts"},"schema":{"@context":"https:\/\/schema.org","@graph":[{"@type":"WebPage","@id":"https:\/\/ripollettravel.com\/ca\/qui-som\/","url":"https:\/\/ripollettravel.com\/ca\/qui-som\/","name":"Qui som - Ripollet Travel","isPartOf":{"@id":"https:\/\/ripollettravel.com\/#website"},"datePublished":"2013-12-03T23:44:31+00:00","dateModified":"2023-10-03T08:40:45+00:00","breadcrumb":{"@id":"https:\/\/ripollettravel.com\/ca\/qui-som\/#breadcrumb"},"inLanguage":"ca","potentialAction":[{"@type":"ReadAction","target":["https:\/\/ripollettravel.com\/ca\/qui-som\/"]}]},{"@type":"BreadcrumbList","@id":"https:\/\/ripollettravel.com\/ca\/qui-som\/#breadcrumb","itemListElement":[{"@type":"ListItem","position":1,"name":"Home","item":"https:\/\/ripollettravel.com\/ca\/"},{"@type":"ListItem","position":2,"name":"Qui som"}]},{"@type":"WebSite","@id":"https:\/\/ripollettravel.com\/#website","url":"https:\/\/ripollettravel.com\/","name":"Ripollet Travel","description":"Ripollet Travel","publisher":{"@id":"https:\/\/ripollettravel.com\/#organization"},"potentialAction":[{"@type":"SearchAction","target":{"@type":"EntryPoint","urlTemplate":"https:\/\/ripollettravel.com\/?s={search_term_string}"},"query-input":"required name=search_term_string"}],"inLanguage":"ca"},{"@type":"Organization","@id":"https:\/\/ripollettravel.com\/#organization","name":"Ripollet Travel","url":"https:\/\/ripollettravel.com\/","logo":{"@type":"ImageObject","inLanguage":"ca","@id":"https:\/\/ripollettravel.com\/#\/schema\/logo\/image\/","url":"https:\/\/ripollettravel.com\/wp-content\/uploads\/2023\/08\/logo-ripollet-travel.png","contentUrl":"https:\/\/ripollettravel.com\/wp-content\/uploads\/2023\/08\/logo-ripollet-travel.png","width":2754,"height":264,"caption":"Ripollet Travel"},"image":{"@id":"https:\/\/ripollettravel.com\/#\/schema\/logo\/image\/"}}]}},"_links":{"self":[{"href":"https:\/\/ripollettravel.com\/ca\/wp-json\/wp\/v2\/pages\/5513"}],"collection":[{"href":"https:\/\/ripollettravel.com\/ca\/wp-json\/wp\/v2\/pages"}],"about":[{"href":"https:\/\/ripollettravel.com\/ca\/wp-json\/wp\/v2\/types\/page"}],"author":[{"embeddable":true,"href":"https:\/\/ripollettravel.com\/ca\/wp-json\/wp\/v2\/users\/1"}],"replies":[{"embeddable":true,"href":"https:\/\/ripollettravel.com\/ca\/wp-json\/wp\/v2\/comments?post=5513"}],"version-history":[{"count":3,"href":"https:\/\/ripollettravel.com\/ca\/wp-json\/wp\/v2\/pages\/5513\/revisions"}],"predecessor-version":[{"id":5817,"href":"https:\/\/ripollettravel.com\/ca\/wp-json\/wp\/v2\/pages\/5513\/revisions\/5817"}],"wp:featuredmedia":[{"embeddable":true,"href":"https:\/\/ripollettravel.com\/ca\/wp-json\/wp\/v2\/media\/5760"}],"wp:attachment":[{"href":"https:\/\/ripollettravel.com\/ca\/wp-json\/wp\/v2\/media?parent=5513"}],"curies":[{"name":"wp","href":"https:\/\/api.w.org\/{rel}","templated":true}]}}