{"id":5311,"date":"2013-11-26T04:10:02","date_gmt":"2013-11-26T04:10:02","guid":{"rendered":"https:\/\/ripollettravel.com\/home-2\/"},"modified":"2023-10-03T08:39:12","modified_gmt":"2023-10-03T08:39:12","slug":"home-2","status":"publish","type":"page","link":"https:\/\/ripollettravel.com\/ca\/","title":{"rendered":"Inici"},"content":{"rendered":"<section class=\"wpb-content-wrapper\">[vc_section full_width=&#8221;stretch_row&#8221; content_placement=&#8221;middle&#8221; css=&#8221;.vc_custom_1691400353541{margin-top: 0px !important;margin-bottom: 0px !important;padding-top: 70px !important;padding-bottom: 60px !important;background-color: #222020 !important;}&#8221;][vc_row column_spacing=&#8221;40&#8243; tablet_fullwidth_cols=&#8221;yes&#8221; center_row=&#8221;yes&#8221; bg_style=&#8221;stretch&#8221; css=&#8221;.vc_custom_1691138248212{margin-top: 0px !important;margin-bottom: 0px !important;background-color: #222020 !important;}&#8221;][vc_column width=&#8221;1\/3&#8243;]<div class=\"vcex-module vcex-icon-box vcex-icon-box-one wpex-flex wpex-text-left\"><div class=\"vcex-icon-box-symbol wpex-flex-shrink-0 wpex-mr-20\"><div class=\"vcex-icon-box-icon wpex-inline-flex wpex-items-center wpex-justify-center wpex-child-inherit-color wpex-text-center wpex-leading-none wpex-text-1\" style=\"color:#ffffff;font-size:30px;\"><span aria-hidden=\"true\" class=\"fas fa-star\"><\/span><\/div><\/div><div class=\"vcex-icon-box-text wpex-flex-grow\"><h2 class=\"vcex-icon-box-heading wpex-heading wpex-text-md wpex-mb-10\" style=\"font-family:&#039;Lato&#039;,sans-serif;color:#ffffff;--wpex-hover-heading-link-color:#ffffff;font-size:18px;letter-spacing:var(--wpex-tracking-wider);\">EXPERI\u00c8NCIA<\/h2><div class=\"vcex-icon-box-content wpex-last-mb-0 wpex-clr\" style=\"color:#9e9e9e;\"><p>Comptem amb molts anys d&#8217;experi\u00e8ncia en el sector del transport en autocar.<\/p>\n<\/div><\/div><\/div>[\/vc_column][vc_column width=&#8221;1\/3&#8243;]<div class=\"vcex-module vcex-icon-box vcex-icon-box-one wpex-flex wpex-text-left\"><div class=\"vcex-icon-box-symbol wpex-flex-shrink-0 wpex-mr-20\"><div class=\"vcex-icon-box-icon wpex-inline-flex wpex-items-center wpex-justify-center wpex-child-inherit-color wpex-text-center wpex-leading-none wpex-text-1\" style=\"color:#ffffff;font-size:30px;\"><span aria-hidden=\"true\" class=\"fas fa-shield-alt\"><\/span><\/div><\/div><div class=\"vcex-icon-box-text wpex-flex-grow\"><h2 class=\"vcex-icon-box-heading wpex-heading wpex-text-md wpex-mb-10\" style=\"color:#ffffff;--wpex-hover-heading-link-color:#ffffff;font-size:18px;letter-spacing:var(--wpex-tracking-wider);\">SEGURETAT<\/h2><div class=\"vcex-icon-box-content wpex-last-mb-0 wpex-clr\" style=\"color:#9e9e9e;\"><div class=\"traductor-textarea form-group\">\n<div class=\"textarea-desti col-xs-12 col-sm-6\">\n<div class=\"form-control second-textarea\">Realitzem exhaustius plans de revisi\u00f3 i manteniment de la flota i alta professionalitat dels nostres conductors.<\/div>\n<\/div>\n<\/div>\n<\/div><\/div><\/div>[\/vc_column][vc_column width=&#8221;1\/3&#8243;]<div class=\"vcex-module vcex-icon-box vcex-icon-box-one wpex-flex wpex-text-left\"><div class=\"vcex-icon-box-symbol wpex-flex-shrink-0 wpex-mr-20\"><div class=\"vcex-icon-box-icon wpex-inline-flex wpex-items-center wpex-justify-center wpex-child-inherit-color wpex-text-center wpex-leading-none wpex-text-1\" style=\"color:#ffffff;font-size:30px;\"><span aria-hidden=\"true\" class=\"fas fa-gem\"><\/span><\/div><\/div><div class=\"vcex-icon-box-text wpex-flex-grow\"><h2 class=\"vcex-icon-box-heading wpex-heading wpex-text-md wpex-mb-10\" style=\"font-family:&#039;Lato&#039;,sans-serif;color:#ffffff;--wpex-hover-heading-link-color:#ffffff;font-size:18px;letter-spacing:var(--wpex-tracking-wider);\">QUALITAT<\/h2><div class=\"vcex-icon-box-content wpex-last-mb-0 wpex-clr\" style=\"color:#9e9e9e;\"><div class=\"traductor-textarea form-group\">\n<div class=\"textarea-desti col-xs-12 col-sm-6\">\n<div class=\"form-control second-textarea\">Disposem de certificaci\u00f3 de sistemes de gesti\u00f3 de qualitat i mediambiental.<\/div>\n<\/div>\n<\/div>\n<\/div><\/div><\/div>[\/vc_column][\/vc_row][\/vc_section][vc_section full_width=&#8221;stretch_row&#8221; parallax=&#8221;content-moving&#8221; parallax_image=&#8221;5079&#8243; parallax_speed_bg=&#8221;1.6&#8243; css=&#8221;.vc_custom_1694761639894{padding-top: 100px !important;padding-bottom: 100px !important;background-position: center !important;background-repeat: no-repeat !important;background-size: cover !important;}&#8221;][vc_row full_width=&#8221;stretch_row&#8221; remove_bottom_col_margin=&#8221;true&#8221; bg_style=&#8221;stretch&#8221; css=&#8221;.vc_custom_1691141106241{border-top-width: 0px !important;border-bottom-width: 0px !important;padding-top: 60px !important;border-top-style: solid !important;border-bottom-style: solid !important;}&#8221;][vc_column]<style>.vcex-heading.vcex_69e9f7e5bf060{font-size:32px;font-weight:400;}<\/style><h2 class=\"vcex-heading vcex-heading-plain vcex-module wpex-text-2xl wpex-font-normal wpex-text-center vc_custom_1696321838121 vcex_69e9f7e5bf060\"><span class=\"vcex-heading-inner wpex-inline-block\">VEHICLES D'\u00daLTIMA GENERACI\u00d3<\/span><\/h2>[vc_column_text text_align=&#8221;center&#8221; font_weight=&#8221;300&#8243; color=&#8221;#222020&#8243; font_size=&#8221;22px&#8221;]<strong>Autocars Ripollet Travel<\/strong> t\u00e9 seguretat, confort, tecnologia, qualitat i totes les prestacions que el seu viatge requereix. Un comprom\u00eds que tenim amb la qualitat i innovaci\u00f3 i del seu objectiu per oferir-li uns vehicles d&#8217;\u00faltima generaci\u00f3.[\/vc_column_text]<div class=\"vcex-spacing wpex-w-100 wpex-clear\"><\/div><div class=\"theme-button-wrap textcenter wpex-clr\"><a href=\"\/ca\/contractar-els-nostres-serveis\/\" class=\"vcex-button theme-button align-center inline\" style=\"font-size:18px;\"><span class=\"vcex-button-inner theme-button-inner\"><span class=\"vcex-button-icon vcex-icon-wrap theme-button-icon-left\"><span class=\"ticon ticon-shopping-cart-alt\" aria-hidden=\"true\"><\/span><\/span>Contractar els nostres serveis<\/span><\/a><\/div> [\/vc_column][\/vc_row][\/vc_section][vc_section full_width=&#8221;stretch_row_content&#8221; content_placement=&#8221;top&#8221; css=&#8221;.vc_custom_1690279421525{margin-top: 0px !important;padding-top: 0px !important;background-color: #f7f7f7 !important;background-position: center !important;background-repeat: no-repeat !important;background-size: cover !important;}&#8221;][vc_row full_width=&#8221;stretch_row_content_no_spaces&#8221; equal_height=&#8221;yes&#8221;][vc_column width=&#8221;1\/3&#8243; css=&#8221;.vc_custom_1696247178286{margin-top: 0px !important;margin-right: 0px !important;margin-bottom: 0px !important;margin-left: 0px !important;padding-top: 10% !important;padding-right: 5% !important;padding-bottom: 10% !important;padding-left: 5% !important;background: #000000 url(https:\/\/ripollettravel.com\/wp-content\/uploads\/2023\/10\/img-3-caixes-home-1.jpg?id=5190) !important;}&#8221;]<figure class=\"vcex-image vcex-module textcenter\"><div class=\"vcex-image-inner wpex-relative wpex-inline-block\"><img loading=\"lazy\" class=\"vcex-image-img wpex-align-middle\" decoding=\"async\" src=\"https:\/\/ripollettravel.com\/wp-content\/uploads\/2023\/08\/icono-home-1-180x180.png\" alt=\"\" srcset=\"https:\/\/ripollettravel.com\/wp-content\/uploads\/2023\/08\/icono-home-1-180x180.png 180w, https:\/\/ripollettravel.com\/wp-content\/uploads\/2023\/08\/icono-home-1-150x150.png 150w, https:\/\/ripollettravel.com\/wp-content\/uploads\/2023\/08\/icono-home-1-100x100.png 100w, https:\/\/ripollettravel.com\/wp-content\/uploads\/2023\/08\/icono-home-1-200x200.png 200w, https:\/\/ripollettravel.com\/wp-content\/uploads\/2023\/08\/icono-home-1.png 300w\" width=\"180\" height=\"180\"><\/div><\/figure><div class=\"vcex-spacing wpex-w-100 wpex-clear\" style=\"height:5px;\"><\/div><style>.vcex-heading.vcex_69e9f7e5c29fe{color:#ffffff;font-size:28px;}<\/style><div class=\"vcex-heading vcex-heading-plain vcex-module wpex-text-2xl wpex-font-normal wpex-text-center vcex_69e9f7e5c29fe\"><span class=\"vcex-heading-inner wpex-inline-block\">SOL\u00b7LICITI EL SEU AUTOCAR<\/span><\/div>[\/vc_column][vc_column width=&#8221;1\/3&#8243; css=&#8221;.vc_custom_1691141527803{margin-top: 0px !important;margin-right: 0px !important;margin-bottom: 0px !important;margin-left: 0px !important;padding-top: 10% !important;padding-right: 5% !important;padding-bottom: 10% !important;padding-left: 5% !important;background-color: #81c357 !important;}&#8221;]<figure class=\"vcex-image vcex-module textcenter\"><div class=\"vcex-image-inner wpex-relative wpex-inline-block\"><img loading=\"lazy\" class=\"vcex-image-img wpex-align-middle\" decoding=\"async\" src=\"https:\/\/ripollettravel.com\/wp-content\/uploads\/2023\/08\/icono-home-3-180x180.png\" alt=\"\" srcset=\"https:\/\/ripollettravel.com\/wp-content\/uploads\/2023\/08\/icono-home-3-180x180.png 180w, https:\/\/ripollettravel.com\/wp-content\/uploads\/2023\/08\/icono-home-3-150x150.png 150w, https:\/\/ripollettravel.com\/wp-content\/uploads\/2023\/08\/icono-home-3-100x100.png 100w, https:\/\/ripollettravel.com\/wp-content\/uploads\/2023\/08\/icono-home-3.png 300w\" width=\"180\" height=\"180\"><\/div><\/figure><div class=\"vcex-spacing wpex-w-100 wpex-clear\" style=\"height:5px;\"><\/div><style>.vcex-heading.vcex_69e9f7e5c4935{color:#ffffff;font-size:28px;}@media (max-width:1024px){.vcex-heading.vcex_69e9f7e5c4935{font-size:18px;}}@media (max-width:959px){.vcex-heading.vcex_69e9f7e5c4935{font-size:18px;}}@media (max-width:767px){.vcex-heading.vcex_69e9f7e5c4935{font-size:18px;}}@media (max-width:479px){.vcex-heading.vcex_69e9f7e5c4935{font-size:16px;}}<\/style><div class=\"vcex-heading vcex-heading-plain vcex-module wpex-text-2xl wpex-font-normal wpex-text-center vcex_69e9f7e5c4935\"><span class=\"vcex-heading-inner wpex-inline-block\">SEGURETAT ACTIVA I PASSIVA<\/span><\/div><div class=\"vcex-spacing wpex-w-100 wpex-clear\" style=\"height:10px;\"><\/div>[vc_column_text text_align=&#8221;center&#8221; color=&#8221;#ffffff&#8221; font_size=&#8221;15px&#8221;]Disposem d&#8217;autocars i microbusos amb les \u00faltimes innovacions en mat\u00e8ria de seguretat activa i passiva.[\/vc_column_text][\/vc_column][vc_column width=&#8221;1\/3&#8243; css=&#8221;.vc_custom_1694761332531{margin-top: 0px !important;margin-right: 0px !important;margin-bottom: 0px !important;margin-left: 0px !important;padding-top: 10% !important;padding-right: 5% !important;padding-bottom: 10% !important;padding-left: 5% !important;background-image: url(https:\/\/ripollettravel.com\/wp-content\/uploads\/2023\/09\/img-3-caixes-home-2.jpg?id=5076) !important;background-position: center !important;background-repeat: no-repeat !important;background-size: cover !important;}&#8221;]<figure class=\"vcex-image vcex-module textcenter\"><div class=\"vcex-image-inner wpex-relative wpex-inline-block\"><img loading=\"lazy\" class=\"vcex-image-img wpex-align-middle\" decoding=\"async\" src=\"https:\/\/ripollettravel.com\/wp-content\/uploads\/2023\/08\/icono-home-2-180x180.png\" alt=\"\" srcset=\"https:\/\/ripollettravel.com\/wp-content\/uploads\/2023\/08\/icono-home-2-180x180.png 180w, https:\/\/ripollettravel.com\/wp-content\/uploads\/2023\/08\/icono-home-2-150x150.png 150w, https:\/\/ripollettravel.com\/wp-content\/uploads\/2023\/08\/icono-home-2-100x100.png 100w, https:\/\/ripollettravel.com\/wp-content\/uploads\/2023\/08\/icono-home-2.png 300w\" width=\"180\" height=\"180\"><\/div><\/figure><div class=\"vcex-spacing wpex-w-100 wpex-clear\" style=\"height:5px;\"><\/div><style>.vcex-heading.vcex_69e9f7e5c6b59{color:#ffffff;font-size:28px;}<\/style><div class=\"vcex-heading vcex-heading-plain vcex-module wpex-text-2xl wpex-font-normal wpex-text-center vcex_69e9f7e5c6b59\"><span class=\"vcex-heading-inner wpex-inline-block\">QUALITAT I CONFORT<\/span><\/div>[\/vc_column][\/vc_row][\/vc_section][vc_row remove_bottom_col_margin=&#8221;true&#8221;][vc_column]<div class=\"templatera_shortcode\"><style type=\"text\/css\" data-type=\"vc_shortcodes-custom-css\">.vc_custom_1696244623938{border-top-width: 1px !important;border-bottom-width: 1px !important;padding-top: 90px !important;padding-bottom: 90px !important;background-color: #f5f5f5 !important;border-top-color: #ededed !important;border-top-style: solid !important;border-bottom-color: #ededed !important;border-bottom-style: solid !important;}.vc_custom_1696322250070{padding-bottom: 15px !important;}<\/style><p>[vc_row full_width=\"stretch_row\" parallax=\"content-moving\" parallax_image=\"5189\" parallax_speed_bg=\"1.6\" wpex_bg_overlay=\"dark\" remove_bottom_col_margin=\"true\" css=\".vc_custom_1696244623938{border-top-width: 1px !important;border-bottom-width: 1px !important;padding-top: 90px !important;padding-bottom: 90px !important;background-color: #f5f5f5 !important;border-top-color: #ededed !important;border-top-style: solid !important;border-bottom-color: #ededed !important;border-bottom-style: solid !important;}\" wpex_bg_overlay_color=\"#000000\" wpex_bg_overlay_opacity=\"0.3\"][vc_column]<style>.vcex-heading.vcex_69e9f7e5c78b2{color:#ffffff;font-size:32px;font-weight:400;}<\/style><h2 class=\"vcex-heading vcex-heading-plain vcex-module wpex-text-2xl wpex-font-normal wpex-text-center vc_custom_1696322250070 vcex_69e9f7e5c78b2\"><span class=\"vcex-heading-inner wpex-inline-block\">NECESSITES M\u00c9S INFORMACI\u00d3?<\/span><\/h2>[vc_column_text text_align=\"center\" font_weight=\"300\" color=\"#ffffff\" font_size=\"18px\" width=\"700px\"]Posem a la seva disposici\u00f3 un nou canal de comunicaci\u00f3 on podr\u00e0 trobar informaci\u00f3 rellevant per a treure el m\u00e0xim partit en la seva gesti\u00f3 del dia a dia.[\/vc_column_text]<div class=\"vcex-spacing wpex-w-100 wpex-clear\"><\/div><div class=\"theme-button-wrap textcenter wpex-clr\"><a href=\"\/ca\/contacte\/\" class=\"vcex-button theme-button align-center inline\" style=\"font-size:16px;font-weight:400;\" title=\"Purchase Total\" rel=\"nofollow\"><span class=\"vcex-button-inner theme-button-inner\">Sol\u00b7licitar pressupost<span class=\"vcex-button-icon vcex-icon-wrap theme-button-icon-right\"><span class=\"ticon ticon-long-arrow-right\" aria-hidden=\"true\"><\/span><\/span><\/span><\/a><\/div> [\/vc_column][\/vc_row]<\/p>\r\n<\/div>[\/vc_column][\/vc_row]\n<\/section>","protected":false},"excerpt":{"rendered":"<p>[vc_section full_width=&#8221;stretch_row&#8221; content_placement=&#8221;middle&#8221; css=&#8221;.vc_custom_1691400353541{margin-top: 0px !important;margin-bottom: 0px !important;padding-top: 70px !important;padding-bottom: 60px !important;background-color: #222020 !important;}&#8221;][vc_row column_spacing=&#8221;40&#8243; tablet_fullwidth_cols=&#8221;yes&#8221; center_row=&#8221;yes&#8221; bg_style=&#8221;stretch&#8221; css=&#8221;.vc_custom_1691138248212{margin-top: 0px !important;margin-bottom: 0px !important;background-color: #222020 !important;}&#8221;][vc_column width=&#8221;1\/3&#8243;][\/vc_column][vc_column width=&#8221;1\/3&#8243;][\/vc_column][vc_column width=&#8221;1\/3&#8243;][\/vc_column][\/vc_row][\/vc_section][vc_section full_width=&#8221;stretch_row&#8221; parallax=&#8221;content-moving&#8221; parallax_image=&#8221;5079&#8243; parallax_speed_bg=&#8221;1.6&#8243; css=&#8221;.vc_custom_1694761639894{padding-top: 100px !important;padding-bottom: 100px !important;background-position: center !important;background-repeat: no-repeat !important;background-size: cover !important;}&#8221;][vc_row full_width=&#8221;stretch_row&#8221; remove_bottom_col_margin=&#8221;true&#8221; bg_style=&#8221;stretch&#8221; css=&#8221;.vc_custom_1691141106241{border-top-width: 0px !important;border-bottom-width: 0px !important;padding-top: 60px !important;border-top-style: solid !important;border-bottom-style:&hellip;<\/p>\n","protected":false},"author":1,"featured_media":5723,"parent":0,"menu_order":0,"comment_status":"closed","ping_status":"closed","template":"","meta":{"footnotes":""},"yoast_head":"<!-- This site is optimized with the Yoast SEO plugin v21.3 - https:\/\/yoast.com\/wordpress\/plugins\/seo\/ -->\n<title>Inici - Ripollet Travel<\/title>\n<meta name=\"robots\" content=\"index, follow, max-snippet:-1, max-image-preview:large, max-video-preview:-1\" \/>\n<link rel=\"canonical\" href=\"https:\/\/ripollettravel.com\/ca\/\" \/>\n<meta property=\"og:locale\" content=\"ca_ES\" \/>\n<meta property=\"og:type\" content=\"article\" \/>\n<meta property=\"og:title\" content=\"Inici - Ripollet Travel\" \/>\n<meta property=\"og:description\" content=\"[vc_section full_width=&#8221;stretch_row&#8221; content_placement=&#8221;middle&#8221; css=&#8221;.vc_custom_1691400353541{margin-top: 0px !important;margin-bottom: 0px !important;padding-top: 70px !important;padding-bottom: 60px !important;background-color: #222020 !important;}&#8221;][vc_row column_spacing=&#8221;40&#8243; tablet_fullwidth_cols=&#8221;yes&#8221; center_row=&#8221;yes&#8221; bg_style=&#8221;stretch&#8221; css=&#8221;.vc_custom_1691138248212{margin-top: 0px !important;margin-bottom: 0px !important;background-color: #222020 !important;}&#8221;][vc_column width=&#8221;1\/3&#8243;][\/vc_column][vc_column width=&#8221;1\/3&#8243;][\/vc_column][vc_column width=&#8221;1\/3&#8243;][\/vc_column][\/vc_row][\/vc_section][vc_section full_width=&#8221;stretch_row&#8221; parallax=&#8221;content-moving&#8221; parallax_image=&#8221;5079&#8243; parallax_speed_bg=&#8221;1.6&#8243; css=&#8221;.vc_custom_1694761639894{padding-top: 100px !important;padding-bottom: 100px !important;background-position: center !important;background-repeat: no-repeat !important;background-size: cover !important;}&#8221;][vc_row full_width=&#8221;stretch_row&#8221; remove_bottom_col_margin=&#8221;true&#8221; bg_style=&#8221;stretch&#8221; css=&#8221;.vc_custom_1691141106241{border-top-width: 0px !important;border-bottom-width: 0px !important;padding-top: 60px !important;border-top-style: solid !important;border-bottom-style:&hellip;\" \/>\n<meta property=\"og:url\" content=\"https:\/\/ripollettravel.com\/ca\/\" \/>\n<meta property=\"og:site_name\" content=\"Ripollet Travel\" \/>\n<meta property=\"article:modified_time\" content=\"2023-10-03T08:39:12+00:00\" \/>\n<meta name=\"twitter:card\" content=\"summary_large_image\" \/>\n<meta name=\"twitter:label1\" content=\"Temps estimat de lectura\" \/>\n\t<meta name=\"twitter:data1\" content=\"2 minuts\" \/>\n<script type=\"application\/ld+json\" class=\"yoast-schema-graph\">{\"@context\":\"https:\/\/schema.org\",\"@graph\":[{\"@type\":\"WebPage\",\"@id\":\"https:\/\/ripollettravel.com\/ca\/\",\"url\":\"https:\/\/ripollettravel.com\/ca\/\",\"name\":\"Inici - Ripollet Travel\",\"isPartOf\":{\"@id\":\"https:\/\/ripollettravel.com\/#website\"},\"datePublished\":\"2013-11-26T04:10:02+00:00\",\"dateModified\":\"2023-10-03T08:39:12+00:00\",\"breadcrumb\":{\"@id\":\"https:\/\/ripollettravel.com\/ca\/#breadcrumb\"},\"inLanguage\":\"ca\",\"potentialAction\":[{\"@type\":\"ReadAction\",\"target\":[\"https:\/\/ripollettravel.com\/ca\/\"]}]},{\"@type\":\"BreadcrumbList\",\"@id\":\"https:\/\/ripollettravel.com\/ca\/#breadcrumb\",\"itemListElement\":[{\"@type\":\"ListItem\",\"position\":1,\"name\":\"Home\",\"item\":\"https:\/\/ripollettravel.com\/ca\/\"},{\"@type\":\"ListItem\",\"position\":2,\"name\":\"Inici\"}]},{\"@type\":\"WebSite\",\"@id\":\"https:\/\/ripollettravel.com\/#website\",\"url\":\"https:\/\/ripollettravel.com\/\",\"name\":\"Ripollet Travel\",\"description\":\"Ripollet Travel\",\"publisher\":{\"@id\":\"https:\/\/ripollettravel.com\/#organization\"},\"potentialAction\":[{\"@type\":\"SearchAction\",\"target\":{\"@type\":\"EntryPoint\",\"urlTemplate\":\"https:\/\/ripollettravel.com\/?s={search_term_string}\"},\"query-input\":\"required name=search_term_string\"}],\"inLanguage\":\"ca\"},{\"@type\":\"Organization\",\"@id\":\"https:\/\/ripollettravel.com\/#organization\",\"name\":\"Ripollet Travel\",\"url\":\"https:\/\/ripollettravel.com\/\",\"logo\":{\"@type\":\"ImageObject\",\"inLanguage\":\"ca\",\"@id\":\"https:\/\/ripollettravel.com\/#\/schema\/logo\/image\/\",\"url\":\"https:\/\/ripollettravel.com\/wp-content\/uploads\/2023\/08\/logo-ripollet-travel.png\",\"contentUrl\":\"https:\/\/ripollettravel.com\/wp-content\/uploads\/2023\/08\/logo-ripollet-travel.png\",\"width\":2754,\"height\":264,\"caption\":\"Ripollet Travel\"},\"image\":{\"@id\":\"https:\/\/ripollettravel.com\/#\/schema\/logo\/image\/\"}}]}<\/script>\n<!-- \/ Yoast SEO plugin. -->","yoast_head_json":{"title":"Inici - Ripollet Travel","robots":{"index":"index","follow":"follow","max-snippet":"max-snippet:-1","max-image-preview":"max-image-preview:large","max-video-preview":"max-video-preview:-1"},"canonical":"https:\/\/ripollettravel.com\/ca\/","og_locale":"ca_ES","og_type":"article","og_title":"Inici - Ripollet Travel","og_description":"[vc_section full_width=&#8221;stretch_row&#8221; content_placement=&#8221;middle&#8221; css=&#8221;.vc_custom_1691400353541{margin-top: 0px !important;margin-bottom: 0px !important;padding-top: 70px !important;padding-bottom: 60px !important;background-color: #222020 !important;}&#8221;][vc_row column_spacing=&#8221;40&#8243; tablet_fullwidth_cols=&#8221;yes&#8221; center_row=&#8221;yes&#8221; bg_style=&#8221;stretch&#8221; css=&#8221;.vc_custom_1691138248212{margin-top: 0px !important;margin-bottom: 0px !important;background-color: #222020 !important;}&#8221;][vc_column width=&#8221;1\/3&#8243;][\/vc_column][vc_column width=&#8221;1\/3&#8243;][\/vc_column][vc_column width=&#8221;1\/3&#8243;][\/vc_column][\/vc_row][\/vc_section][vc_section full_width=&#8221;stretch_row&#8221; parallax=&#8221;content-moving&#8221; parallax_image=&#8221;5079&#8243; parallax_speed_bg=&#8221;1.6&#8243; css=&#8221;.vc_custom_1694761639894{padding-top: 100px !important;padding-bottom: 100px !important;background-position: center !important;background-repeat: no-repeat !important;background-size: cover !important;}&#8221;][vc_row full_width=&#8221;stretch_row&#8221; remove_bottom_col_margin=&#8221;true&#8221; bg_style=&#8221;stretch&#8221; css=&#8221;.vc_custom_1691141106241{border-top-width: 0px !important;border-bottom-width: 0px !important;padding-top: 60px !important;border-top-style: solid !important;border-bottom-style:&hellip;","og_url":"https:\/\/ripollettravel.com\/ca\/","og_site_name":"Ripollet Travel","article_modified_time":"2023-10-03T08:39:12+00:00","twitter_card":"summary_large_image","twitter_misc":{"Temps estimat de lectura":"2 minuts"},"schema":{"@context":"https:\/\/schema.org","@graph":[{"@type":"WebPage","@id":"https:\/\/ripollettravel.com\/ca\/","url":"https:\/\/ripollettravel.com\/ca\/","name":"Inici - Ripollet Travel","isPartOf":{"@id":"https:\/\/ripollettravel.com\/#website"},"datePublished":"2013-11-26T04:10:02+00:00","dateModified":"2023-10-03T08:39:12+00:00","breadcrumb":{"@id":"https:\/\/ripollettravel.com\/ca\/#breadcrumb"},"inLanguage":"ca","potentialAction":[{"@type":"ReadAction","target":["https:\/\/ripollettravel.com\/ca\/"]}]},{"@type":"BreadcrumbList","@id":"https:\/\/ripollettravel.com\/ca\/#breadcrumb","itemListElement":[{"@type":"ListItem","position":1,"name":"Home","item":"https:\/\/ripollettravel.com\/ca\/"},{"@type":"ListItem","position":2,"name":"Inici"}]},{"@type":"WebSite","@id":"https:\/\/ripollettravel.com\/#website","url":"https:\/\/ripollettravel.com\/","name":"Ripollet Travel","description":"Ripollet Travel","publisher":{"@id":"https:\/\/ripollettravel.com\/#organization"},"potentialAction":[{"@type":"SearchAction","target":{"@type":"EntryPoint","urlTemplate":"https:\/\/ripollettravel.com\/?s={search_term_string}"},"query-input":"required name=search_term_string"}],"inLanguage":"ca"},{"@type":"Organization","@id":"https:\/\/ripollettravel.com\/#organization","name":"Ripollet Travel","url":"https:\/\/ripollettravel.com\/","logo":{"@type":"ImageObject","inLanguage":"ca","@id":"https:\/\/ripollettravel.com\/#\/schema\/logo\/image\/","url":"https:\/\/ripollettravel.com\/wp-content\/uploads\/2023\/08\/logo-ripollet-travel.png","contentUrl":"https:\/\/ripollettravel.com\/wp-content\/uploads\/2023\/08\/logo-ripollet-travel.png","width":2754,"height":264,"caption":"Ripollet Travel"},"image":{"@id":"https:\/\/ripollettravel.com\/#\/schema\/logo\/image\/"}}]}},"_links":{"self":[{"href":"https:\/\/ripollettravel.com\/ca\/wp-json\/wp\/v2\/pages\/5311"}],"collection":[{"href":"https:\/\/ripollettravel.com\/ca\/wp-json\/wp\/v2\/pages"}],"about":[{"href":"https:\/\/ripollettravel.com\/ca\/wp-json\/wp\/v2\/types\/page"}],"author":[{"embeddable":true,"href":"https:\/\/ripollettravel.com\/ca\/wp-json\/wp\/v2\/users\/1"}],"replies":[{"embeddable":true,"href":"https:\/\/ripollettravel.com\/ca\/wp-json\/wp\/v2\/comments?post=5311"}],"version-history":[{"count":3,"href":"https:\/\/ripollettravel.com\/ca\/wp-json\/wp\/v2\/pages\/5311\/revisions"}],"predecessor-version":[{"id":5815,"href":"https:\/\/ripollettravel.com\/ca\/wp-json\/wp\/v2\/pages\/5311\/revisions\/5815"}],"wp:featuredmedia":[{"embeddable":true,"href":"https:\/\/ripollettravel.com\/ca\/wp-json\/wp\/v2\/media\/5723"}],"wp:attachment":[{"href":"https:\/\/ripollettravel.com\/ca\/wp-json\/wp\/v2\/media?parent=5311"}],"curies":[{"name":"wp","href":"https:\/\/api.w.org\/{rel}","templated":true}]}}